{"id":15829,"date":"2025-02-27T04:51:33","date_gmt":"2025-02-27T04:51:33","guid":{"rendered":"https:\/\/espacoestela.com\/pt\/?page_id=15829"},"modified":"2025-10-13T18:46:57","modified_gmt":"2025-10-13T18:46:57","slug":"pagina-de-login","status":"publish","type":"page","link":"https:\/\/espacoestela.com\/pt\/pagina-de-login\/","title":{"rendered":"P\u00e1gina de Login"},"content":{"rendered":"\t\t<div data-elementor-type=\"wp-page\" data-elementor-id=\"15829\" class=\"elementor elementor-15829\" data-elementor-post-type=\"page\">\n\t\t\t\t\t\t<section class=\"elementor-section elementor-top-section elementor-element elementor-element-62eaa70c elementor-section-height-full elementor-section-stretched elementor-section-boxed elementor-section-height-default elementor-section-items-middle\" data-id=\"62eaa70c\" data-element_type=\"section\" data-settings=\"{&quot;background_background&quot;:&quot;classic&quot;,&quot;stretch_section&quot;:&quot;section-stretched&quot;}\">\n\t\t\t\t\t\t\t<div class=\"elementor-background-overlay\"><\/div>\n\t\t\t\t\t\t\t<div class=\"elementor-container elementor-column-gap-no\">\n\t\t\t\t\t<div class=\"elementor-column elementor-col-100 elementor-top-column elementor-element elementor-element-4761fc59\" data-id=\"4761fc59\" data-element_type=\"column\">\n\t\t\t<div class=\"elementor-widget-wrap elementor-element-populated\">\n\t\t\t\t\t\t<div class=\"elementor-element elementor-element-666a1d4 elementor-widget elementor-widget-spacer\" data-id=\"666a1d4\" data-element_type=\"widget\" data-widget_type=\"spacer.default\">\n\t\t\t\t<div class=\"elementor-widget-container\">\n\t\t\t\t\t\t\t<div class=\"elementor-spacer\">\n\t\t\t<div class=\"elementor-spacer-inner\"><\/div>\n\t\t<\/div>\n\t\t\t\t\t\t<\/div>\n\t\t\t\t<\/div>\n\t\t\t\t<section class=\"elementor-section elementor-inner-section elementor-element elementor-element-2d9e3c18 elementor-section-height-min-height elementor-section-boxed elementor-section-height-default\" data-id=\"2d9e3c18\" data-element_type=\"section\" data-settings=\"{&quot;background_background&quot;:&quot;classic&quot;}\">\n\t\t\t\t\t\t<div class=\"elementor-container elementor-column-gap-default\">\n\t\t\t\t\t<div class=\"elementor-column elementor-col-100 elementor-inner-column elementor-element elementor-element-54f817a9 elementor-invisible\" data-id=\"54f817a9\" data-element_type=\"column\" data-settings=\"{&quot;animation&quot;:&quot;fadeInRight&quot;}\">\n\t\t\t<div class=\"elementor-widget-wrap elementor-element-populated\">\n\t\t\t\t<div class=\"elementor-element elementor-element-0f2f0f4 e-grid e-con-boxed e-con e-parent\" data-id=\"0f2f0f4\" data-element_type=\"container\">\n\t\t\t\t\t<div class=\"e-con-inner\">\n\t\t\t\t<div class=\"elementor-element elementor-element-99804f0 elementor-widget elementor-widget-heading\" data-id=\"99804f0\" data-element_type=\"widget\" data-widget_type=\"heading.default\">\n\t\t\t\t<div class=\"elementor-widget-container\">\n\t\t\t\t\t<h4 class=\"elementor-heading-title elementor-size-default\">Espa\u00e7o Estela<\/h4>\t\t\t\t<\/div>\n\t\t\t\t<\/div>\n\t\t\t\t<div class=\"elementor-element elementor-element-d85d6a3 elementor-align-right elementor-widget elementor-widget-button\" data-id=\"d85d6a3\" data-element_type=\"widget\" data-widget_type=\"button.default\">\n\t\t\t\t<div class=\"elementor-widget-container\">\n\t\t\t\t\t\t\t\t\t<div class=\"elementor-button-wrapper\">\n\t\t\t\t\t<a class=\"elementor-button elementor-button-link elementor-size-sm\" href=\"https:\/\/espacoestela.com\/pt\/\">\n\t\t\t\t\t\t<span class=\"elementor-button-content-wrapper\">\n\t\t\t\t\t\t<span class=\"elementor-button-icon\">\n\t\t\t\t<svg aria-hidden=\"true\" class=\"e-font-icon-svg e-fas-arrow-left\" viewBox=\"0 0 448 512\" xmlns=\"http:\/\/www.w3.org\/2000\/svg\"><path d=\"M257.5 445.1l-22.2 22.2c-9.4 9.4-24.6 9.4-33.9 0L7 273c-9.4-9.4-9.4-24.6 0-33.9L201.4 44.7c9.4-9.4 24.6-9.4 33.9 0l22.2 22.2c9.5 9.5 9.3 25-.4 34.3L136.6 216H424c13.3 0 24 10.7 24 24v32c0 13.3-10.7 24-24 24H136.6l120.5 114.8c9.8 9.3 10 24.8.4 34.3z\"><\/path><\/svg>\t\t\t<\/span>\n\t\t\t\t\t\t\t\t\t<span class=\"elementor-button-text\">Voltar ao Home<\/span>\n\t\t\t\t\t<\/span>\n\t\t\t\t\t<\/a>\n\t\t\t\t<\/div>\n\t\t\t\t\t\t\t\t<\/div>\n\t\t\t\t<\/div>\n\t\t\t\t\t<\/div>\n\t\t\t\t<\/div>\n\t\t\t\t\t<\/div>\n\t\t<\/div>\n\t\t\t\t\t<\/div>\n\t\t<\/section>\n\t\t\t\t<section class=\"elementor-section elementor-inner-section elementor-element elementor-element-043789a elementor-section-boxed elementor-section-height-default elementor-section-height-default\" data-id=\"043789a\" data-element_type=\"section\" data-settings=\"{&quot;background_background&quot;:&quot;classic&quot;}\">\n\t\t\t\t\t\t<div class=\"elementor-container elementor-column-gap-default\">\n\t\t\t\t\t<div class=\"elementor-column elementor-col-50 elementor-inner-column elementor-element elementor-element-2e4a752 elementor-invisible\" data-id=\"2e4a752\" data-element_type=\"column\" data-settings=\"{&quot;animation&quot;:&quot;fadeInLeft&quot;,&quot;background_background&quot;:&quot;classic&quot;}\">\n\t\t\t<div class=\"elementor-widget-wrap\">\n\t\t\t\t\t\t\t<\/div>\n\t\t<\/div>\n\t\t\t\t<div class=\"elementor-column elementor-col-50 elementor-inner-column elementor-element elementor-element-e27d440 elementor-invisible\" data-id=\"e27d440\" data-element_type=\"column\" data-settings=\"{&quot;animation&quot;:&quot;fadeInRight&quot;}\">\n\t\t\t<div class=\"elementor-widget-wrap elementor-element-populated\">\n\t\t\t\t\t\t<div class=\"elementor-element elementor-element-5c2914e elementor-widget elementor-widget-heading\" data-id=\"5c2914e\" data-element_type=\"widget\" data-widget_type=\"heading.default\">\n\t\t\t\t<div class=\"elementor-widget-container\">\n\t\t\t\t\t<h4 class=\"elementor-heading-title elementor-size-default\">Bem vindo!<\/h4>\t\t\t\t<\/div>\n\t\t\t\t<\/div>\n\t\t\t\t<div class=\"elementor-element elementor-element-ce01dce elementor-widget__width-initial elementor-widget elementor-widget-shortcode\" data-id=\"ce01dce\" data-element_type=\"widget\" data-widget_type=\"shortcode.default\">\n\t\t\t\t<div class=\"elementor-widget-container\">\n\t\t\t\t\t\t\t<div class=\"elementor-shortcode\"><div class=\"forminator-ui forminator-custom-form forminator-custom-form-15879 forminator-design--flat  forminator_ajax\" data-forminator-render=\"0\" data-form=\"forminator-module-15879\" data-uid=\"69e27a8d04242\"><br\/><\/div><form\n\t\t\t\tid=\"forminator-module-15879\"\n\t\t\t\tclass=\"forminator-ui forminator-custom-form forminator-custom-form-15879 forminator-design--flat  forminator_ajax\"\n\t\t\t\tmethod=\"post\"\n\t\t\t\tdata-forminator-render=\"0\"\n\t\t\t\tdata-form-id=\"15879\"\n\t\t\t\t\n\t\t\t\tdata-design=\"flat\"\n\t\t\t\t\n\t\t\t\t\n\t\t\t\t\n\t\t\t\tdata-grid=\"open\"\n\t\t\t\t\n\t\t\t\t\n\t\t\t\tstyle=\"display: none;\"\n\t\t\t\t\n\t\t\t\tdata-uid=\"69e27a8d04242\"\n\t\t\t><div role=\"alert\" aria-live=\"polite\" class=\"forminator-response-message forminator-error\" aria-hidden=\"true\"><\/div><div class=\"forminator-row\"><div id=\"text-1\" class=\"forminator-field-text forminator-col forminator-col-12 \"><div class=\"forminator-field\"><label for=\"forminator-field-text-1_69e27a8d04242\" id=\"forminator-field-text-1_69e27a8d04242-label\" class=\"forminator-label\">Utilizador ou Email <span class=\"forminator-required\">*<\/span><\/label><input type=\"text\" name=\"text-1\" value=\"\" placeholder=\"Utilizador ou Email\" id=\"forminator-field-text-1_69e27a8d04242\" class=\"forminator-input forminator-name--field\" data-required=\"true\" \/><\/div><\/div><\/div><div class=\"forminator-row\"><div id=\"password-1\" class=\"forminator-field-password forminator-col forminator-col-12 \"><div class=\"forminator-field\"><label for=\"forminator-field-password-1_69e27a8d04242\" id=\"forminator-field-password-1_69e27a8d04242-label\" class=\"forminator-label\">Senha <span class=\"forminator-required\">*<\/span><\/label><input name=\"password-1\" value=\"\" placeholder=\"Senha\" id=\"forminator-field-password-1_69e27a8d04242\" class=\"forminator-input forminator-name--field\" data-required=\"true\" type=\"password\" aria-describedby=\"forminator-field-password-1_69e27a8d04242-description\" \/><\/div><div class=\"forminator-description forminator-description-password\" id=\"forminator-field-password-1_69e27a8d04242-description\"><p><a rel=\"noopener\" target=\"_blank\" href=\"https:\/\/espacoestela.com\/pt\/minha-conta\/lost-password\/\" title=\"Lost Password\">Esqueceu sua senha?<\/a><\/p><\/div><\/div><\/div><div class=\"forminator-row forminator-hidden\"><input type=\"hidden\" id=\"hidden-1_69e27a8d04242\" name=\"hidden-1\" value=\"\" \/><\/div><div class=\"forminator-row\"><div id=\"checkbox-1\" class=\"forminator-field-checkbox forminator-col forminator-col-12  remember-me\"><div role=\"group\" class=\"forminator-field\" aria-labelledby=\"forminator-checkbox-group-69e27a8d04242-label\"><label id=\"forminator-field-checkbox-1-1-69e27a8d04242-label\" for=\"forminator-field-checkbox-1-1-69e27a8d04242\" class=\"forminator-checkbox\" title=\"Manter a conta logada\"><input type=\"checkbox\" name=\"checkbox-1[]\" value=\"remember-me\" id=\"forminator-field-checkbox-1-1-69e27a8d04242\" aria-labelledby=\"forminator-field-checkbox-1-1-69e27a8d04242-label\" data-calculation=\"0\"  \/><span class=\"forminator-checkbox-box\" aria-hidden=\"true\"><\/span><span class=\"forminator-checkbox-label\">Manter a conta logada<\/span><\/label><\/div><\/div><\/div><input type=\"hidden\" name=\"referer_url\" value=\"\" \/><div class=\"forminator-row forminator-row-last\"><div class=\"forminator-col\"><div class=\"forminator-field\"><button class=\"forminator-button forminator-button-submit\">Entrar<\/button><\/div><\/div><\/div><input type=\"hidden\" id=\"forminator_nonce\" name=\"forminator_nonce\" value=\"29249a5aa5\" \/><input type=\"hidden\" name=\"_wp_http_referer\" value=\"\/pt\/wp-json\/wp\/v2\/pages\/15829\" \/><input type=\"hidden\" name=\"form_id\" value=\"15879\"><input type=\"hidden\" name=\"page_id\" value=\"15829\"><input type=\"hidden\" name=\"form_type\" value=\"login\"><input type=\"hidden\" name=\"current_url\" value=\"https:\/\/espacoestela.com\/pt\/pagina-de-login\/\"><input type=\"hidden\" name=\"render_id\" value=\"0\"><input type=\"hidden\" name=\"redirect_to\" value=\"https:\/\/espacoestela.com\/pt\/wp-admin\/\"><input type=\"hidden\" name=\"action\" value=\"forminator_submit_form_custom-forms\"><\/form><\/div>\n\t\t\t\t\t\t<\/div>\n\t\t\t\t<\/div>\n\t\t\t\t<div class=\"elementor-element elementor-element-3e0f475 elementor-widget-divider--view-line_text elementor-widget-divider--element-align-center elementor-widget elementor-widget-divider\" data-id=\"3e0f475\" data-element_type=\"widget\" data-widget_type=\"divider.default\">\n\t\t\t\t<div class=\"elementor-widget-container\">\n\t\t\t\t\t\t\t<div class=\"elementor-divider\">\n\t\t\t<span class=\"elementor-divider-separator\">\n\t\t\t\t\t\t\t<h1 class=\"elementor-divider__text elementor-divider__element\">\n\t\t\t\tOu\t\t\t\t<\/h1>\n\t\t\t\t\t\t<\/span>\n\t\t<\/div>\n\t\t\t\t\t\t<\/div>\n\t\t\t\t<\/div>\n\t\t<div class=\"elementor-element elementor-element-f89f321 e-grid e-con-full e-con e-parent\" data-id=\"f89f321\" data-element_type=\"container\">\n\t\t\t\t<div class=\"elementor-element elementor-element-fbcd687 elementor-widget elementor-widget-button\" data-id=\"fbcd687\" data-element_type=\"widget\" data-widget_type=\"button.default\">\n\t\t\t\t<div class=\"elementor-widget-container\">\n\t\t\t\t\t\t\t\t\t<div class=\"elementor-button-wrapper\">\n\t\t\t\t\t<a class=\"elementor-button elementor-button-link elementor-size-sm\" href=\"https:\/\/espacoestela.com\/pt\/cadastro\">\n\t\t\t\t\t\t<span class=\"elementor-button-content-wrapper\">\n\t\t\t\t\t\t\t\t\t<span class=\"elementor-button-text\">Fazer o seu Registo<\/span>\n\t\t\t\t\t<\/span>\n\t\t\t\t\t<\/a>\n\t\t\t\t<\/div>\n\t\t\t\t\t\t\t\t<\/div>\n\t\t\t\t<\/div>\n\t\t\t\t<div class=\"elementor-element elementor-element-0042a60 elementor-widget elementor-widget-button\" data-id=\"0042a60\" data-element_type=\"widget\" data-widget_type=\"button.default\">\n\t\t\t\t<div class=\"elementor-widget-container\">\n\t\t\t\t\t\t\t\t\t<div class=\"elementor-button-wrapper\">\n\t\t\t\t\t<a class=\"elementor-button elementor-button-link elementor-size-sm\" href=\"https:\/\/espacoestela.com\/pt\/registro\/\">\n\t\t\t\t\t\t<span class=\"elementor-button-content-wrapper\">\n\t\t\t\t\t\t\t\t\t<span class=\"elementor-button-text\">Registo para Revendedor<\/span>\n\t\t\t\t\t<\/span>\n\t\t\t\t\t<\/a>\n\t\t\t\t<\/div>\n\t\t\t\t\t\t\t\t<\/div>\n\t\t\t\t<\/div>\n\t\t\t\t<\/div>\n\t\t\t\t\t<\/div>\n\t\t<\/div>\n\t\t\t\t\t<\/div>\n\t\t<\/section>\n\t\t\t\t\t<\/div>\n\t\t<\/div>\n\t\t\t\t\t<\/div>\n\t\t<\/section>\n\t\t\t\t<\/div>\n\t\t","protected":false},"excerpt":{"rendered":"<p>Espa\u00e7o Estela Voltar ao Home Bem vindo! Ou Fazer o seu Registo Registo para Revendedor<\/p>\n","protected":false},"author":3,"featured_media":0,"parent":0,"menu_order":0,"comment_status":"closed","ping_status":"closed","template":"elementor_canvas","meta":{"_acf_changed":false,"om_disable_all_campaigns":false,"footnotes":""},"class_list":["post-15829","page","type-page","status-publish","hentry"],"acf":[],"yoast_head":"<!-- This site is optimized with the Yoast SEO plugin v24.5 - https:\/\/yoast.com\/wordpress\/plugins\/seo\/ -->\n<title>P\u00e1gina de Login - Espa\u00e7o Estela<\/title>\n<meta name=\"robots\" content=\"index, follow, max-snippet:-1, max-image-preview:large, max-video-preview:-1\" \/>\n<link rel=\"canonical\" href=\"https:\/\/espacoestela.com\/pt\/pagina-de-login\/\" \/>\n<meta property=\"og:locale\" content=\"pt_PT\" \/>\n<meta property=\"og:type\" content=\"article\" \/>\n<meta property=\"og:title\" content=\"P\u00e1gina de Login - Espa\u00e7o Estela\" \/>\n<meta property=\"og:description\" content=\"Espa\u00e7o Estela Voltar ao Home Bem vindo! Ou Fazer o seu Registo Registo para Revendedor\" \/>\n<meta property=\"og:url\" content=\"https:\/\/espacoestela.com\/pt\/pagina-de-login\/\" \/>\n<meta property=\"og:site_name\" content=\"Espa\u00e7o Estela\" \/>\n<meta property=\"article:modified_time\" content=\"2025-10-13T18:46:57+00:00\" \/>\n<meta name=\"twitter:card\" content=\"summary_large_image\" \/>\n<meta name=\"twitter:label1\" content=\"Tempo estimado de leitura\" \/>\n\t<meta name=\"twitter:data1\" content=\"1 minuto\" \/>\n<script type=\"application\/ld+json\" class=\"yoast-schema-graph\">{\"@context\":\"https:\/\/schema.org\",\"@graph\":[{\"@type\":\"WebPage\",\"@id\":\"https:\/\/espacoestela.com\/pt\/pagina-de-login\/\",\"url\":\"https:\/\/espacoestela.com\/pt\/pagina-de-login\/\",\"name\":\"P\u00e1gina de Login - Espa\u00e7o Estela\",\"isPartOf\":{\"@id\":\"https:\/\/espacoestela.com\/pt\/#website\"},\"datePublished\":\"2025-02-27T04:51:33+00:00\",\"dateModified\":\"2025-10-13T18:46:57+00:00\",\"breadcrumb\":{\"@id\":\"https:\/\/espacoestela.com\/pt\/pagina-de-login\/#breadcrumb\"},\"inLanguage\":\"pt-PT\",\"potentialAction\":[{\"@type\":\"ReadAction\",\"target\":[\"https:\/\/espacoestela.com\/pt\/pagina-de-login\/\"]}]},{\"@type\":\"BreadcrumbList\",\"@id\":\"https:\/\/espacoestela.com\/pt\/pagina-de-login\/#breadcrumb\",\"itemListElement\":[{\"@type\":\"ListItem\",\"position\":1,\"name\":\"In\u00edcio\",\"item\":\"https:\/\/espacoestela.com\/pt\/\"},{\"@type\":\"ListItem\",\"position\":2,\"name\":\"P\u00e1gina de Login\"}]},{\"@type\":\"WebSite\",\"@id\":\"https:\/\/espacoestela.com\/pt\/#website\",\"url\":\"https:\/\/espacoestela.com\/pt\/\",\"name\":\"Espa\u00e7o Estela\",\"description\":\"Um Espa\u00e7o a Pensar em Si\",\"publisher\":{\"@id\":\"https:\/\/espacoestela.com\/pt\/#organization\"},\"potentialAction\":[{\"@type\":\"SearchAction\",\"target\":{\"@type\":\"EntryPoint\",\"urlTemplate\":\"https:\/\/espacoestela.com\/pt\/?s={search_term_string}\"},\"query-input\":{\"@type\":\"PropertyValueSpecification\",\"valueRequired\":true,\"valueName\":\"search_term_string\"}}],\"inLanguage\":\"pt-PT\"},{\"@type\":\"Organization\",\"@id\":\"https:\/\/espacoestela.com\/pt\/#organization\",\"name\":\"Espa\u00e7o Estela\",\"url\":\"https:\/\/espacoestela.com\/pt\/\",\"logo\":{\"@type\":\"ImageObject\",\"inLanguage\":\"pt-PT\",\"@id\":\"https:\/\/espacoestela.com\/pt\/#\/schema\/logo\/image\/\",\"url\":\"https:\/\/espacoestela.com\/pt\/wp-content\/uploads\/2024\/12\/logoespacoestela28-02-07.jpg\",\"contentUrl\":\"https:\/\/espacoestela.com\/pt\/wp-content\/uploads\/2024\/12\/logoespacoestela28-02-07.jpg\",\"width\":1468,\"height\":968,\"caption\":\"Espa\u00e7o Estela\"},\"image\":{\"@id\":\"https:\/\/espacoestela.com\/pt\/#\/schema\/logo\/image\/\"}}]}<\/script>\n<!-- \/ Yoast SEO plugin. -->","yoast_head_json":{"title":"P\u00e1gina de Login - Espa\u00e7o Estela","robots":{"index":"index","follow":"follow","max-snippet":"max-snippet:-1","max-image-preview":"max-image-preview:large","max-video-preview":"max-video-preview:-1"},"canonical":"https:\/\/espacoestela.com\/pt\/pagina-de-login\/","og_locale":"pt_PT","og_type":"article","og_title":"P\u00e1gina de Login - Espa\u00e7o Estela","og_description":"Espa\u00e7o Estela Voltar ao Home Bem vindo! Ou Fazer o seu Registo Registo para Revendedor","og_url":"https:\/\/espacoestela.com\/pt\/pagina-de-login\/","og_site_name":"Espa\u00e7o Estela","article_modified_time":"2025-10-13T18:46:57+00:00","twitter_card":"summary_large_image","twitter_misc":{"Tempo estimado de leitura":"1 minuto"},"schema":{"@context":"https:\/\/schema.org","@graph":[{"@type":"WebPage","@id":"https:\/\/espacoestela.com\/pt\/pagina-de-login\/","url":"https:\/\/espacoestela.com\/pt\/pagina-de-login\/","name":"P\u00e1gina de Login - Espa\u00e7o Estela","isPartOf":{"@id":"https:\/\/espacoestela.com\/pt\/#website"},"datePublished":"2025-02-27T04:51:33+00:00","dateModified":"2025-10-13T18:46:57+00:00","breadcrumb":{"@id":"https:\/\/espacoestela.com\/pt\/pagina-de-login\/#breadcrumb"},"inLanguage":"pt-PT","potentialAction":[{"@type":"ReadAction","target":["https:\/\/espacoestela.com\/pt\/pagina-de-login\/"]}]},{"@type":"BreadcrumbList","@id":"https:\/\/espacoestela.com\/pt\/pagina-de-login\/#breadcrumb","itemListElement":[{"@type":"ListItem","position":1,"name":"In\u00edcio","item":"https:\/\/espacoestela.com\/pt\/"},{"@type":"ListItem","position":2,"name":"P\u00e1gina de Login"}]},{"@type":"WebSite","@id":"https:\/\/espacoestela.com\/pt\/#website","url":"https:\/\/espacoestela.com\/pt\/","name":"Espa\u00e7o Estela","description":"Um Espa\u00e7o a Pensar em Si","publisher":{"@id":"https:\/\/espacoestela.com\/pt\/#organization"},"potentialAction":[{"@type":"SearchAction","target":{"@type":"EntryPoint","urlTemplate":"https:\/\/espacoestela.com\/pt\/?s={search_term_string}"},"query-input":{"@type":"PropertyValueSpecification","valueRequired":true,"valueName":"search_term_string"}}],"inLanguage":"pt-PT"},{"@type":"Organization","@id":"https:\/\/espacoestela.com\/pt\/#organization","name":"Espa\u00e7o Estela","url":"https:\/\/espacoestela.com\/pt\/","logo":{"@type":"ImageObject","inLanguage":"pt-PT","@id":"https:\/\/espacoestela.com\/pt\/#\/schema\/logo\/image\/","url":"https:\/\/espacoestela.com\/pt\/wp-content\/uploads\/2024\/12\/logoespacoestela28-02-07.jpg","contentUrl":"https:\/\/espacoestela.com\/pt\/wp-content\/uploads\/2024\/12\/logoespacoestela28-02-07.jpg","width":1468,"height":968,"caption":"Espa\u00e7o Estela"},"image":{"@id":"https:\/\/espacoestela.com\/pt\/#\/schema\/logo\/image\/"}}]}},"jetpack_sharing_enabled":true,"_links":{"self":[{"href":"https:\/\/espacoestela.com\/pt\/wp-json\/wp\/v2\/pages\/15829","targetHints":{"allow":["GET"]}}],"collection":[{"href":"https:\/\/espacoestela.com\/pt\/wp-json\/wp\/v2\/pages"}],"about":[{"href":"https:\/\/espacoestela.com\/pt\/wp-json\/wp\/v2\/types\/page"}],"author":[{"embeddable":true,"href":"https:\/\/espacoestela.com\/pt\/wp-json\/wp\/v2\/users\/3"}],"replies":[{"embeddable":true,"href":"https:\/\/espacoestela.com\/pt\/wp-json\/wp\/v2\/comments?post=15829"}],"version-history":[{"count":108,"href":"https:\/\/espacoestela.com\/pt\/wp-json\/wp\/v2\/pages\/15829\/revisions"}],"predecessor-version":[{"id":19587,"href":"https:\/\/espacoestela.com\/pt\/wp-json\/wp\/v2\/pages\/15829\/revisions\/19587"}],"wp:attachment":[{"href":"https:\/\/espacoestela.com\/pt\/wp-json\/wp\/v2\/media?parent=15829"}],"curies":[{"name":"wp","href":"https:\/\/api.w.org\/{rel}","templated":true}]}}