{"id":15835,"date":"2025-02-27T05:02:03","date_gmt":"2025-02-27T05:02:03","guid":{"rendered":"https:\/\/espacoestela.com\/pt\/?page_id=15835"},"modified":"2025-10-18T15:11:06","modified_gmt":"2025-10-18T15:11:06","slug":"minha-conta","status":"publish","type":"page","link":"https:\/\/espacoestela.com\/pt\/minha-conta\/","title":{"rendered":"Minha conta"},"content":{"rendered":"\t\t<div data-elementor-type=\"wp-page\" data-elementor-id=\"15835\" class=\"elementor elementor-15835\" data-elementor-post-type=\"page\">\n\t\t\t\t\t\t<section class=\"elementor-section elementor-top-section elementor-element elementor-element-57b638c3 elementor-section-boxed elementor-section-height-default elementor-section-height-default\" data-id=\"57b638c3\" data-element_type=\"section\">\n\t\t\t\t\t\t<div class=\"elementor-container elementor-column-gap-default\">\n\t\t\t\t\t<div class=\"elementor-column elementor-col-100 elementor-top-column elementor-element elementor-element-781c9530\" data-id=\"781c9530\" data-element_type=\"column\">\n\t\t\t<div class=\"elementor-widget-wrap elementor-element-populated\">\n\t\t\t\t\t\t<section class=\"elementor-section elementor-inner-section elementor-element elementor-element-d58812d elementor-section-boxed elementor-section-height-default elementor-section-height-default elementor-invisible\" data-id=\"d58812d\" data-element_type=\"section\" data-settings=\"{&quot;background_background&quot;:&quot;classic&quot;,&quot;animation&quot;:&quot;fadeIn&quot;,&quot;animation_delay&quot;:200}\">\n\t\t\t\t\t\t\t<div class=\"elementor-background-overlay\"><\/div>\n\t\t\t\t\t\t\t<div class=\"elementor-container elementor-column-gap-default\">\n\t\t\t\t\t<div class=\"elementor-column elementor-col-100 elementor-inner-column elementor-element elementor-element-75c6c8f3\" data-id=\"75c6c8f3\" data-element_type=\"column\">\n\t\t\t<div class=\"elementor-widget-wrap elementor-element-populated\">\n\t\t\t\t\t\t\t<\/div>\n\t\t<\/div>\n\t\t\t\t\t<\/div>\n\t\t<\/section>\n\t\t\t\t\t<\/div>\n\t\t<\/div>\n\t\t\t\t\t<\/div>\n\t\t<\/section>\n\t\t\t\t<section class=\"elementor-section elementor-top-section elementor-element elementor-element-124836b5 elementor-section-boxed elementor-section-height-default elementor-section-height-default elementor-invisible\" data-id=\"124836b5\" data-element_type=\"section\" data-settings=\"{&quot;animation&quot;:&quot;fadeIn&quot;,&quot;animation_delay&quot;:300}\">\n\t\t\t\t\t\t<div class=\"elementor-container elementor-column-gap-no\">\n\t\t\t\t\t<div class=\"elementor-column elementor-col-100 elementor-top-column elementor-element elementor-element-d621680\" data-id=\"d621680\" data-element_type=\"column\">\n\t\t\t<div class=\"elementor-widget-wrap elementor-element-populated\">\n\t\t\t\t\t\t<div class=\"elementor-element elementor-element-7d4be02 e-my-account-tabs-vertical elementor-widget elementor-widget-woocommerce-my-account\" data-id=\"7d4be02\" data-element_type=\"widget\" data-widget_type=\"woocommerce-my-account.default\">\n\t\t\t\t<div class=\"elementor-widget-container\">\n\t\t\t\t\t<div class=\"e-my-account-tab e-my-account-tab__ \">\t\t\t<div class=\"woocommerce\"><\/div>\t\t<\/div>\r\n\t\t\t\t\t\t<\/div>\n\t\t\t\t<\/div>\n\t\t<div class=\"elementor-element elementor-element-b2d5d6e e-flex e-con-boxed e-con e-parent\" data-id=\"b2d5d6e\" data-element_type=\"container\" data-settings=\"{&quot;background_background&quot;:&quot;classic&quot;}\">\n\t\t\t\t\t<div class=\"e-con-inner\">\n\t\t<div class=\"elementor-element elementor-element-aae1447 e-con-full e-grid e-con e-child\" data-id=\"aae1447\" data-element_type=\"container\">\n\t\t<div class=\"elementor-element elementor-element-05d27e9 e-con-full e-flex e-con e-child\" data-id=\"05d27e9\" data-element_type=\"container\">\n\t\t\t\t<div class=\"elementor-element elementor-element-a3fbafb elementor-widget elementor-widget-text-editor\" data-id=\"a3fbafb\" data-element_type=\"widget\" data-widget_type=\"text-editor.default\">\n\t\t\t\t<div class=\"elementor-widget-container\">\n\t\t\t\t\t\t\t\t\t<p>Caso seja revendedor, fa\u00e7a seu registrar aqui!<\/p>\t\t\t\t\t\t\t\t<\/div>\n\t\t\t\t<\/div>\n\t\t\t\t<\/div>\n\t\t<div class=\"elementor-element elementor-element-01eb348 e-con-full e-flex e-con e-child\" data-id=\"01eb348\" data-element_type=\"container\">\n\t\t\t\t<div class=\"elementor-element elementor-element-4ba3f3e elementor-align-right elementor-widget elementor-widget-button\" data-id=\"4ba3f3e\" data-element_type=\"widget\" data-widget_type=\"button.default\">\n\t\t\t\t<div class=\"elementor-widget-container\">\n\t\t\t\t\t\t\t\t\t<div class=\"elementor-button-wrapper\">\n\t\t\t\t\t<a class=\"elementor-button elementor-button-link elementor-size-sm\" href=\"https:\/\/espacoestela.com\/pt\/registro\/\">\n\t\t\t\t\t\t<span class=\"elementor-button-content-wrapper\">\n\t\t\t\t\t\t\t\t\t<span class=\"elementor-button-text\">Registo de Revendedor<\/span>\n\t\t\t\t\t<\/span>\n\t\t\t\t\t<\/a>\n\t\t\t\t<\/div>\n\t\t\t\t\t\t\t\t<\/div>\n\t\t\t\t<\/div>\n\t\t\t\t<\/div>\n\t\t\t\t<\/div>\n\t\t\t\t\t<\/div>\n\t\t\t\t<\/div>\n\t\t\t\t\t<\/div>\n\t\t<\/div>\n\t\t\t\t\t<\/div>\n\t\t<\/section>\n\t\t\t\t<\/div>\n\t\t","protected":false},"excerpt":{"rendered":"<p>Painel Inicial Pedidos Transfer\u00eancias Endere\u00e7os M\u00e9todos de Pagamento Detalhes da conta Sair Ol\u00e1 eugenia (n\u00e3o \u00e9 eugenia? Sair) No painel da sua conta pode ver as encomendas mais recentes, gerir as moradas de envio e de factura\u00e7\u00e3o e editar os detalhes e a senha da conta. Caso seja revendedor, fa\u00e7a seu registrar aqui! Registo de [&hellip;]<\/p>\n","protected":false},"author":3,"featured_media":0,"parent":0,"menu_order":0,"comment_status":"closed","ping_status":"closed","template":"elementor_header_footer","meta":{"_acf_changed":false,"om_disable_all_campaigns":false,"footnotes":""},"class_list":["post-15835","page","type-page","status-publish","hentry"],"acf":[],"yoast_head":"<!-- This site is optimized with the Yoast SEO plugin v24.5 - https:\/\/yoast.com\/wordpress\/plugins\/seo\/ -->\n<title>Minha conta - Espa\u00e7o Estela<\/title>\n<meta name=\"robots\" content=\"index, follow, max-snippet:-1, max-image-preview:large, max-video-preview:-1\" \/>\n<link rel=\"canonical\" href=\"https:\/\/espacoestela.com\/pt\/minha-conta\/\" \/>\n<meta property=\"og:locale\" content=\"pt_PT\" \/>\n<meta property=\"og:type\" content=\"article\" \/>\n<meta property=\"og:title\" content=\"Minha conta - Espa\u00e7o Estela\" \/>\n<meta property=\"og:description\" content=\"Painel Inicial Pedidos Transfer\u00eancias Endere\u00e7os M\u00e9todos de Pagamento Detalhes da conta Sair Ol\u00e1 eugenia (n\u00e3o \u00e9 eugenia? Sair) No painel da sua conta pode ver as encomendas mais recentes, gerir as moradas de envio e de factura\u00e7\u00e3o e editar os detalhes e a senha da conta. Caso seja revendedor, fa\u00e7a seu registrar aqui! Registo de [&hellip;]\" \/>\n<meta property=\"og:url\" content=\"https:\/\/espacoestela.com\/pt\/minha-conta\/\" \/>\n<meta property=\"og:site_name\" content=\"Espa\u00e7o Estela\" \/>\n<meta property=\"article:modified_time\" content=\"2025-10-18T15:11:06+00:00\" \/>\n<meta name=\"twitter:card\" content=\"summary_large_image\" \/>\n<meta name=\"twitter:label1\" content=\"Tempo estimado de leitura\" \/>\n\t<meta name=\"twitter:data1\" content=\"2 minutos\" \/>\n<script type=\"application\/ld+json\" class=\"yoast-schema-graph\">{\"@context\":\"https:\/\/schema.org\",\"@graph\":[{\"@type\":\"WebPage\",\"@id\":\"https:\/\/espacoestela.com\/pt\/minha-conta\/\",\"url\":\"https:\/\/espacoestela.com\/pt\/minha-conta\/\",\"name\":\"Minha conta - Espa\u00e7o Estela\",\"isPartOf\":{\"@id\":\"https:\/\/espacoestela.com\/pt\/#website\"},\"datePublished\":\"2025-02-27T05:02:03+00:00\",\"dateModified\":\"2025-10-18T15:11:06+00:00\",\"breadcrumb\":{\"@id\":\"https:\/\/espacoestela.com\/pt\/minha-conta\/#breadcrumb\"},\"inLanguage\":\"pt-PT\",\"potentialAction\":[{\"@type\":\"ReadAction\",\"target\":[\"https:\/\/espacoestela.com\/pt\/minha-conta\/\"]}]},{\"@type\":\"BreadcrumbList\",\"@id\":\"https:\/\/espacoestela.com\/pt\/minha-conta\/#breadcrumb\",\"itemListElement\":[{\"@type\":\"ListItem\",\"position\":1,\"name\":\"In\u00edcio\",\"item\":\"https:\/\/espacoestela.com\/pt\/\"},{\"@type\":\"ListItem\",\"position\":2,\"name\":\"Minha conta\"}]},{\"@type\":\"WebSite\",\"@id\":\"https:\/\/espacoestela.com\/pt\/#website\",\"url\":\"https:\/\/espacoestela.com\/pt\/\",\"name\":\"Espa\u00e7o Estela\",\"description\":\"Um Espa\u00e7o a Pensar em Si\",\"publisher\":{\"@id\":\"https:\/\/espacoestela.com\/pt\/#organization\"},\"potentialAction\":[{\"@type\":\"SearchAction\",\"target\":{\"@type\":\"EntryPoint\",\"urlTemplate\":\"https:\/\/espacoestela.com\/pt\/?s={search_term_string}\"},\"query-input\":{\"@type\":\"PropertyValueSpecification\",\"valueRequired\":true,\"valueName\":\"search_term_string\"}}],\"inLanguage\":\"pt-PT\"},{\"@type\":\"Organization\",\"@id\":\"https:\/\/espacoestela.com\/pt\/#organization\",\"name\":\"Espa\u00e7o Estela\",\"url\":\"https:\/\/espacoestela.com\/pt\/\",\"logo\":{\"@type\":\"ImageObject\",\"inLanguage\":\"pt-PT\",\"@id\":\"https:\/\/espacoestela.com\/pt\/#\/schema\/logo\/image\/\",\"url\":\"https:\/\/espacoestela.com\/pt\/wp-content\/uploads\/2024\/12\/logoespacoestela28-02-07.jpg\",\"contentUrl\":\"https:\/\/espacoestela.com\/pt\/wp-content\/uploads\/2024\/12\/logoespacoestela28-02-07.jpg\",\"width\":1468,\"height\":968,\"caption\":\"Espa\u00e7o Estela\"},\"image\":{\"@id\":\"https:\/\/espacoestela.com\/pt\/#\/schema\/logo\/image\/\"}}]}<\/script>\n<!-- \/ Yoast SEO plugin. -->","yoast_head_json":{"title":"Minha conta - Espa\u00e7o Estela","robots":{"index":"index","follow":"follow","max-snippet":"max-snippet:-1","max-image-preview":"max-image-preview:large","max-video-preview":"max-video-preview:-1"},"canonical":"https:\/\/espacoestela.com\/pt\/minha-conta\/","og_locale":"pt_PT","og_type":"article","og_title":"Minha conta - Espa\u00e7o Estela","og_description":"Painel Inicial Pedidos Transfer\u00eancias Endere\u00e7os M\u00e9todos de Pagamento Detalhes da conta Sair Ol\u00e1 eugenia (n\u00e3o \u00e9 eugenia? Sair) No painel da sua conta pode ver as encomendas mais recentes, gerir as moradas de envio e de factura\u00e7\u00e3o e editar os detalhes e a senha da conta. Caso seja revendedor, fa\u00e7a seu registrar aqui! Registo de [&hellip;]","og_url":"https:\/\/espacoestela.com\/pt\/minha-conta\/","og_site_name":"Espa\u00e7o Estela","article_modified_time":"2025-10-18T15:11:06+00:00","twitter_card":"summary_large_image","twitter_misc":{"Tempo estimado de leitura":"2 minutos"},"schema":{"@context":"https:\/\/schema.org","@graph":[{"@type":"WebPage","@id":"https:\/\/espacoestela.com\/pt\/minha-conta\/","url":"https:\/\/espacoestela.com\/pt\/minha-conta\/","name":"Minha conta - Espa\u00e7o Estela","isPartOf":{"@id":"https:\/\/espacoestela.com\/pt\/#website"},"datePublished":"2025-02-27T05:02:03+00:00","dateModified":"2025-10-18T15:11:06+00:00","breadcrumb":{"@id":"https:\/\/espacoestela.com\/pt\/minha-conta\/#breadcrumb"},"inLanguage":"pt-PT","potentialAction":[{"@type":"ReadAction","target":["https:\/\/espacoestela.com\/pt\/minha-conta\/"]}]},{"@type":"BreadcrumbList","@id":"https:\/\/espacoestela.com\/pt\/minha-conta\/#breadcrumb","itemListElement":[{"@type":"ListItem","position":1,"name":"In\u00edcio","item":"https:\/\/espacoestela.com\/pt\/"},{"@type":"ListItem","position":2,"name":"Minha conta"}]},{"@type":"WebSite","@id":"https:\/\/espacoestela.com\/pt\/#website","url":"https:\/\/espacoestela.com\/pt\/","name":"Espa\u00e7o Estela","description":"Um Espa\u00e7o a Pensar em Si","publisher":{"@id":"https:\/\/espacoestela.com\/pt\/#organization"},"potentialAction":[{"@type":"SearchAction","target":{"@type":"EntryPoint","urlTemplate":"https:\/\/espacoestela.com\/pt\/?s={search_term_string}"},"query-input":{"@type":"PropertyValueSpecification","valueRequired":true,"valueName":"search_term_string"}}],"inLanguage":"pt-PT"},{"@type":"Organization","@id":"https:\/\/espacoestela.com\/pt\/#organization","name":"Espa\u00e7o Estela","url":"https:\/\/espacoestela.com\/pt\/","logo":{"@type":"ImageObject","inLanguage":"pt-PT","@id":"https:\/\/espacoestela.com\/pt\/#\/schema\/logo\/image\/","url":"https:\/\/espacoestela.com\/pt\/wp-content\/uploads\/2024\/12\/logoespacoestela28-02-07.jpg","contentUrl":"https:\/\/espacoestela.com\/pt\/wp-content\/uploads\/2024\/12\/logoespacoestela28-02-07.jpg","width":1468,"height":968,"caption":"Espa\u00e7o Estela"},"image":{"@id":"https:\/\/espacoestela.com\/pt\/#\/schema\/logo\/image\/"}}]}},"jetpack_sharing_enabled":true,"_links":{"self":[{"href":"https:\/\/espacoestela.com\/pt\/wp-json\/wp\/v2\/pages\/15835","targetHints":{"allow":["GET"]}}],"collection":[{"href":"https:\/\/espacoestela.com\/pt\/wp-json\/wp\/v2\/pages"}],"about":[{"href":"https:\/\/espacoestela.com\/pt\/wp-json\/wp\/v2\/types\/page"}],"author":[{"embeddable":true,"href":"https:\/\/espacoestela.com\/pt\/wp-json\/wp\/v2\/users\/3"}],"replies":[{"embeddable":true,"href":"https:\/\/espacoestela.com\/pt\/wp-json\/wp\/v2\/comments?post=15835"}],"version-history":[{"count":13,"href":"https:\/\/espacoestela.com\/pt\/wp-json\/wp\/v2\/pages\/15835\/revisions"}],"predecessor-version":[{"id":19596,"href":"https:\/\/espacoestela.com\/pt\/wp-json\/wp\/v2\/pages\/15835\/revisions\/19596"}],"wp:attachment":[{"href":"https:\/\/espacoestela.com\/pt\/wp-json\/wp\/v2\/media?parent=15835"}],"curies":[{"name":"wp","href":"https:\/\/api.w.org\/{rel}","templated":true}]}}