{"id":17953,"date":"2025-05-07T10:22:26","date_gmt":"2025-05-07T10:22:26","guid":{"rendered":"https:\/\/espacoestela.com\/pt\/?post_type=product&#038;p=17953"},"modified":"2025-05-07T10:52:10","modified_gmt":"2025-05-07T10:52:10","slug":"toalha-anti-nodoa-hortense","status":"publish","type":"product","link":"https:\/\/espacoestela.com\/pt\/produto\/toalha-anti-nodoa-hortense\/","title":{"rendered":"Toalha Anti n\u00f3doa Hortense"},"content":{"rendered":"<p>Toalha anti n\u00f3doas com estampado<\/p>\n<p><strong>Descri\u00e7\u00e3o:<\/strong><\/p>\n<ul>\n<li>100% Poliester<\/li>\n<li>Tratamento anti n\u00f3doas Mini Mate<\/li>\n<li>Acabamento com bainha<\/li>\n<li>Existente em 150x150cm, 150x200cm, 150x250cm<\/li>\n<\/ul>\n","protected":false},"excerpt":{"rendered":"<p>Toalha anti n\u00f3doas com estampado Descri\u00e7\u00e3o: 100% Poliester Tratamento anti n\u00f3doas Mini Mate Acabamento com bainha Existente em 150x150cm, 150x200cm, 150x250cm<\/p>\n","protected":false},"featured_media":17958,"comment_status":"open","ping_status":"closed","template":"","meta":{"_acf_changed":false,"om_disable_all_campaigns":false},"product_brand":[],"product_cat":[311],"product_tag":[],"class_list":{"0":"post-17953","1":"product","2":"type-product","3":"status-publish","4":"has-post-thumbnail","6":"product_cat-toalhas-de-mesa","8":"first","9":"instock","10":"taxable","11":"shipping-taxable","12":"purchasable","13":"product-type-variable","14":"add-to-wishlist-before_add_to_cart"},"acf":[],"yoast_head":"<!-- This site is optimized with the Yoast SEO plugin v24.5 - https:\/\/yoast.com\/wordpress\/plugins\/seo\/ -->\n<title>Toalha Anti n\u00f3doa Hortense - Espa\u00e7o Estela<\/title>\n<meta name=\"robots\" content=\"index, follow, max-snippet:-1, max-image-preview:large, max-video-preview:-1\" \/>\n<link rel=\"canonical\" href=\"https:\/\/espacoestela.com\/pt\/produto\/toalha-anti-nodoa-hortense\/\" \/>\n<meta property=\"og:locale\" content=\"pt_PT\" \/>\n<meta property=\"og:type\" content=\"article\" \/>\n<meta property=\"og:title\" content=\"Toalha Anti n\u00f3doa Hortense - Espa\u00e7o Estela\" \/>\n<meta property=\"og:description\" content=\"Toalha anti n\u00f3doas com estampado Descri\u00e7\u00e3o: 100% Poliester Tratamento anti n\u00f3doas Mini Mate Acabamento com bainha Existente em 150x150cm, 150x200cm, 150x250cm\" \/>\n<meta property=\"og:url\" content=\"https:\/\/espacoestela.com\/pt\/produto\/toalha-anti-nodoa-hortense\/\" \/>\n<meta property=\"og:site_name\" content=\"Espa\u00e7o Estela\" \/>\n<meta property=\"article:modified_time\" content=\"2025-05-07T10:52:10+00:00\" \/>\n<meta property=\"og:image\" content=\"https:\/\/espacoestela.com\/pt\/wp-content\/uploads\/2025\/05\/hortense_azul.jpg\" \/>\n\t<meta property=\"og:image:width\" content=\"900\" \/>\n\t<meta property=\"og:image:height\" content=\"1600\" \/>\n\t<meta property=\"og:image:type\" content=\"image\/jpeg\" \/>\n<meta name=\"twitter:card\" content=\"summary_large_image\" \/>\n<meta name=\"twitter:label1\" content=\"Tempo estimado de leitura\" \/>\n\t<meta name=\"twitter:data1\" content=\"1 minuto\" \/>\n<script type=\"application\/ld+json\" class=\"yoast-schema-graph\">{\"@context\":\"https:\/\/schema.org\",\"@graph\":[{\"@type\":\"WebPage\",\"@id\":\"https:\/\/espacoestela.com\/pt\/produto\/toalha-anti-nodoa-hortense\/\",\"url\":\"https:\/\/espacoestela.com\/pt\/produto\/toalha-anti-nodoa-hortense\/\",\"name\":\"Toalha Anti n\u00f3doa Hortense - Espa\u00e7o Estela\",\"isPartOf\":{\"@id\":\"https:\/\/espacoestela.com\/pt\/#website\"},\"primaryImageOfPage\":{\"@id\":\"https:\/\/espacoestela.com\/pt\/produto\/toalha-anti-nodoa-hortense\/#primaryimage\"},\"image\":{\"@id\":\"https:\/\/espacoestela.com\/pt\/produto\/toalha-anti-nodoa-hortense\/#primaryimage\"},\"thumbnailUrl\":\"https:\/\/espacoestela.com\/pt\/wp-content\/uploads\/2025\/05\/hortense_azul.jpg\",\"datePublished\":\"2025-05-07T10:22:26+00:00\",\"dateModified\":\"2025-05-07T10:52:10+00:00\",\"breadcrumb\":{\"@id\":\"https:\/\/espacoestela.com\/pt\/produto\/toalha-anti-nodoa-hortense\/#breadcrumb\"},\"inLanguage\":\"pt-PT\",\"potentialAction\":[{\"@type\":\"ReadAction\",\"target\":[\"https:\/\/espacoestela.com\/pt\/produto\/toalha-anti-nodoa-hortense\/\"]}]},{\"@type\":\"ImageObject\",\"inLanguage\":\"pt-PT\",\"@id\":\"https:\/\/espacoestela.com\/pt\/produto\/toalha-anti-nodoa-hortense\/#primaryimage\",\"url\":\"https:\/\/espacoestela.com\/pt\/wp-content\/uploads\/2025\/05\/hortense_azul.jpg\",\"contentUrl\":\"https:\/\/espacoestela.com\/pt\/wp-content\/uploads\/2025\/05\/hortense_azul.jpg\",\"width\":900,\"height\":1600},{\"@type\":\"BreadcrumbList\",\"@id\":\"https:\/\/espacoestela.com\/pt\/produto\/toalha-anti-nodoa-hortense\/#breadcrumb\",\"itemListElement\":[{\"@type\":\"ListItem\",\"position\":1,\"name\":\"In\u00edcio\",\"item\":\"https:\/\/espacoestela.com\/pt\/\"},{\"@type\":\"ListItem\",\"position\":2,\"name\":\"Loja\",\"item\":\"https:\/\/espacoestela.com\/pt\/loja\/\"},{\"@type\":\"ListItem\",\"position\":3,\"name\":\"Toalha Anti n\u00f3doa Hortense\"}]},{\"@type\":\"WebSite\",\"@id\":\"https:\/\/espacoestela.com\/pt\/#website\",\"url\":\"https:\/\/espacoestela.com\/pt\/\",\"name\":\"Espa\u00e7o Estela\",\"description\":\"Um Espa\u00e7o a Pensar em Si\",\"publisher\":{\"@id\":\"https:\/\/espacoestela.com\/pt\/#organization\"},\"potentialAction\":[{\"@type\":\"SearchAction\",\"target\":{\"@type\":\"EntryPoint\",\"urlTemplate\":\"https:\/\/espacoestela.com\/pt\/?s={search_term_string}\"},\"query-input\":{\"@type\":\"PropertyValueSpecification\",\"valueRequired\":true,\"valueName\":\"search_term_string\"}}],\"inLanguage\":\"pt-PT\"},{\"@type\":\"Organization\",\"@id\":\"https:\/\/espacoestela.com\/pt\/#organization\",\"name\":\"Espa\u00e7o Estela\",\"url\":\"https:\/\/espacoestela.com\/pt\/\",\"logo\":{\"@type\":\"ImageObject\",\"inLanguage\":\"pt-PT\",\"@id\":\"https:\/\/espacoestela.com\/pt\/#\/schema\/logo\/image\/\",\"url\":\"https:\/\/espacoestela.com\/pt\/wp-content\/uploads\/2024\/12\/logoespacoestela28-02-07.jpg\",\"contentUrl\":\"https:\/\/espacoestela.com\/pt\/wp-content\/uploads\/2024\/12\/logoespacoestela28-02-07.jpg\",\"width\":1468,\"height\":968,\"caption\":\"Espa\u00e7o Estela\"},\"image\":{\"@id\":\"https:\/\/espacoestela.com\/pt\/#\/schema\/logo\/image\/\"}}]}<\/script>\n<!-- \/ Yoast SEO plugin. -->","yoast_head_json":{"title":"Toalha Anti n\u00f3doa Hortense - Espa\u00e7o Estela","robots":{"index":"index","follow":"follow","max-snippet":"max-snippet:-1","max-image-preview":"max-image-preview:large","max-video-preview":"max-video-preview:-1"},"canonical":"https:\/\/espacoestela.com\/pt\/produto\/toalha-anti-nodoa-hortense\/","og_locale":"pt_PT","og_type":"article","og_title":"Toalha Anti n\u00f3doa Hortense - Espa\u00e7o Estela","og_description":"Toalha anti n\u00f3doas com estampado Descri\u00e7\u00e3o: 100% Poliester Tratamento anti n\u00f3doas Mini Mate Acabamento com bainha Existente em 150x150cm, 150x200cm, 150x250cm","og_url":"https:\/\/espacoestela.com\/pt\/produto\/toalha-anti-nodoa-hortense\/","og_site_name":"Espa\u00e7o Estela","article_modified_time":"2025-05-07T10:52:10+00:00","og_image":[{"width":900,"height":1600,"url":"https:\/\/espacoestela.com\/pt\/wp-content\/uploads\/2025\/05\/hortense_azul.jpg","type":"image\/jpeg"}],"twitter_card":"summary_large_image","twitter_misc":{"Tempo estimado de leitura":"1 minuto"},"schema":{"@context":"https:\/\/schema.org","@graph":[{"@type":"WebPage","@id":"https:\/\/espacoestela.com\/pt\/produto\/toalha-anti-nodoa-hortense\/","url":"https:\/\/espacoestela.com\/pt\/produto\/toalha-anti-nodoa-hortense\/","name":"Toalha Anti n\u00f3doa Hortense - Espa\u00e7o Estela","isPartOf":{"@id":"https:\/\/espacoestela.com\/pt\/#website"},"primaryImageOfPage":{"@id":"https:\/\/espacoestela.com\/pt\/produto\/toalha-anti-nodoa-hortense\/#primaryimage"},"image":{"@id":"https:\/\/espacoestela.com\/pt\/produto\/toalha-anti-nodoa-hortense\/#primaryimage"},"thumbnailUrl":"https:\/\/espacoestela.com\/pt\/wp-content\/uploads\/2025\/05\/hortense_azul.jpg","datePublished":"2025-05-07T10:22:26+00:00","dateModified":"2025-05-07T10:52:10+00:00","breadcrumb":{"@id":"https:\/\/espacoestela.com\/pt\/produto\/toalha-anti-nodoa-hortense\/#breadcrumb"},"inLanguage":"pt-PT","potentialAction":[{"@type":"ReadAction","target":["https:\/\/espacoestela.com\/pt\/produto\/toalha-anti-nodoa-hortense\/"]}]},{"@type":"ImageObject","inLanguage":"pt-PT","@id":"https:\/\/espacoestela.com\/pt\/produto\/toalha-anti-nodoa-hortense\/#primaryimage","url":"https:\/\/espacoestela.com\/pt\/wp-content\/uploads\/2025\/05\/hortense_azul.jpg","contentUrl":"https:\/\/espacoestela.com\/pt\/wp-content\/uploads\/2025\/05\/hortense_azul.jpg","width":900,"height":1600},{"@type":"BreadcrumbList","@id":"https:\/\/espacoestela.com\/pt\/produto\/toalha-anti-nodoa-hortense\/#breadcrumb","itemListElement":[{"@type":"ListItem","position":1,"name":"In\u00edcio","item":"https:\/\/espacoestela.com\/pt\/"},{"@type":"ListItem","position":2,"name":"Loja","item":"https:\/\/espacoestela.com\/pt\/loja\/"},{"@type":"ListItem","position":3,"name":"Toalha Anti n\u00f3doa Hortense"}]},{"@type":"WebSite","@id":"https:\/\/espacoestela.com\/pt\/#website","url":"https:\/\/espacoestela.com\/pt\/","name":"Espa\u00e7o Estela","description":"Um Espa\u00e7o a Pensar em Si","publisher":{"@id":"https:\/\/espacoestela.com\/pt\/#organization"},"potentialAction":[{"@type":"SearchAction","target":{"@type":"EntryPoint","urlTemplate":"https:\/\/espacoestela.com\/pt\/?s={search_term_string}"},"query-input":{"@type":"PropertyValueSpecification","valueRequired":true,"valueName":"search_term_string"}}],"inLanguage":"pt-PT"},{"@type":"Organization","@id":"https:\/\/espacoestela.com\/pt\/#organization","name":"Espa\u00e7o Estela","url":"https:\/\/espacoestela.com\/pt\/","logo":{"@type":"ImageObject","inLanguage":"pt-PT","@id":"https:\/\/espacoestela.com\/pt\/#\/schema\/logo\/image\/","url":"https:\/\/espacoestela.com\/pt\/wp-content\/uploads\/2024\/12\/logoespacoestela28-02-07.jpg","contentUrl":"https:\/\/espacoestela.com\/pt\/wp-content\/uploads\/2024\/12\/logoespacoestela28-02-07.jpg","width":1468,"height":968,"caption":"Espa\u00e7o Estela"},"image":{"@id":"https:\/\/espacoestela.com\/pt\/#\/schema\/logo\/image\/"}}]}},"jetpack_sharing_enabled":true,"_links":{"self":[{"href":"https:\/\/espacoestela.com\/pt\/wp-json\/wp\/v2\/product\/17953","targetHints":{"allow":["GET"]}}],"collection":[{"href":"https:\/\/espacoestela.com\/pt\/wp-json\/wp\/v2\/product"}],"about":[{"href":"https:\/\/espacoestela.com\/pt\/wp-json\/wp\/v2\/types\/product"}],"replies":[{"embeddable":true,"href":"https:\/\/espacoestela.com\/pt\/wp-json\/wp\/v2\/comments?post=17953"}],"version-history":[{"count":3,"href":"https:\/\/espacoestela.com\/pt\/wp-json\/wp\/v2\/product\/17953\/revisions"}],"predecessor-version":[{"id":17984,"href":"https:\/\/espacoestela.com\/pt\/wp-json\/wp\/v2\/product\/17953\/revisions\/17984"}],"wp:featuredmedia":[{"embeddable":true,"href":"https:\/\/espacoestela.com\/pt\/wp-json\/wp\/v2\/media\/17958"}],"wp:attachment":[{"href":"https:\/\/espacoestela.com\/pt\/wp-json\/wp\/v2\/media?parent=17953"}],"wp:term":[{"taxonomy":"product_brand","embeddable":true,"href":"https:\/\/espacoestela.com\/pt\/wp-json\/wp\/v2\/product_brand?post=17953"},{"taxonomy":"product_cat","embeddable":true,"href":"https:\/\/espacoestela.com\/pt\/wp-json\/wp\/v2\/product_cat?post=17953"},{"taxonomy":"product_tag","embeddable":true,"href":"https:\/\/espacoestela.com\/pt\/wp-json\/wp\/v2\/product_tag?post=17953"}],"curies":[{"name":"wp","href":"https:\/\/api.w.org\/{rel}","templated":true}]}}