{"id":18577,"date":"2025-07-01T10:22:51","date_gmt":"2025-07-01T10:22:51","guid":{"rendered":"https:\/\/espacoestela.com\/pt\/?post_type=product&#038;p=18577"},"modified":"2025-07-01T10:22:51","modified_gmt":"2025-07-01T10:22:51","slug":"meadas-de-bordar-mouline-anchor","status":"publish","type":"product","link":"https:\/\/espacoestela.com\/pt\/produto\/meadas-de-bordar-mouline-anchor\/","title":{"rendered":"Meadas de bordar Moulin\u00e9 Anchor"},"content":{"rendered":"<p>Meadas de bordar 8m Moulin\u00e9 Anchor<\/p>\n<p>100% Algod\u00e3o Mercerizado<\/p>\n<p>Ideal para realizar trabalhos artesanais de ponto de cruz e outras t\u00e9cnicas.<\/p>\n<p>&nbsp;<\/p>\n","protected":false},"excerpt":{"rendered":"<p>Meadas de bordar 8m Moulin\u00e9 Anchor 100% Algod\u00e3o Mercerizado Ideal para realizar trabalhos artesanais de ponto de cruz e outras t\u00e9cnicas. &nbsp;<\/p>\n","protected":false},"featured_media":18810,"comment_status":"open","ping_status":"closed","template":"","meta":{"_acf_changed":false,"om_disable_all_campaigns":false},"product_brand":[],"product_cat":[313],"product_tag":[],"class_list":{"0":"post-18577","1":"product","2":"type-product","3":"status-publish","4":"has-post-thumbnail","6":"product_cat-linhas-para-bordar","8":"first","9":"instock","10":"taxable","11":"shipping-taxable","12":"purchasable","13":"product-type-variable","14":"add-to-wishlist-before_add_to_cart"},"acf":[],"yoast_head":"<!-- This site is optimized with the Yoast SEO plugin v24.5 - https:\/\/yoast.com\/wordpress\/plugins\/seo\/ -->\n<title>Meadas de bordar Moulin\u00e9 Anchor - Espa\u00e7o Estela<\/title>\n<meta name=\"robots\" content=\"index, follow, max-snippet:-1, max-image-preview:large, max-video-preview:-1\" \/>\n<link rel=\"canonical\" href=\"https:\/\/espacoestela.com\/pt\/produto\/meadas-de-bordar-mouline-anchor\/\" \/>\n<meta property=\"og:locale\" content=\"pt_PT\" \/>\n<meta property=\"og:type\" content=\"article\" \/>\n<meta property=\"og:title\" content=\"Meadas de bordar Moulin\u00e9 Anchor - Espa\u00e7o Estela\" \/>\n<meta property=\"og:description\" content=\"Meadas de bordar 8m Moulin\u00e9 Anchor 100% Algod\u00e3o Mercerizado Ideal para realizar trabalhos artesanais de ponto de cruz e outras t\u00e9cnicas. &nbsp;\" \/>\n<meta property=\"og:url\" content=\"https:\/\/espacoestela.com\/pt\/produto\/meadas-de-bordar-mouline-anchor\/\" \/>\n<meta property=\"og:site_name\" content=\"Espa\u00e7o Estela\" \/>\n<meta property=\"og:image\" content=\"https:\/\/espacoestela.com\/pt\/wp-content\/uploads\/2025\/06\/4635-1.jpg\" \/>\n\t<meta property=\"og:image:width\" content=\"681\" \/>\n\t<meta property=\"og:image:height\" content=\"650\" \/>\n\t<meta property=\"og:image:type\" content=\"image\/jpeg\" \/>\n<meta name=\"twitter:card\" content=\"summary_large_image\" \/>\n<meta name=\"twitter:label1\" content=\"Tempo estimado de leitura\" \/>\n\t<meta name=\"twitter:data1\" content=\"1 minuto\" \/>\n<script type=\"application\/ld+json\" class=\"yoast-schema-graph\">{\"@context\":\"https:\/\/schema.org\",\"@graph\":[{\"@type\":\"WebPage\",\"@id\":\"https:\/\/espacoestela.com\/pt\/produto\/meadas-de-bordar-mouline-anchor\/\",\"url\":\"https:\/\/espacoestela.com\/pt\/produto\/meadas-de-bordar-mouline-anchor\/\",\"name\":\"Meadas de bordar Moulin\u00e9 Anchor - Espa\u00e7o Estela\",\"isPartOf\":{\"@id\":\"https:\/\/espacoestela.com\/pt\/#website\"},\"primaryImageOfPage\":{\"@id\":\"https:\/\/espacoestela.com\/pt\/produto\/meadas-de-bordar-mouline-anchor\/#primaryimage\"},\"image\":{\"@id\":\"https:\/\/espacoestela.com\/pt\/produto\/meadas-de-bordar-mouline-anchor\/#primaryimage\"},\"thumbnailUrl\":\"https:\/\/espacoestela.com\/pt\/wp-content\/uploads\/2025\/06\/4635-1.jpg\",\"datePublished\":\"2025-07-01T10:22:51+00:00\",\"breadcrumb\":{\"@id\":\"https:\/\/espacoestela.com\/pt\/produto\/meadas-de-bordar-mouline-anchor\/#breadcrumb\"},\"inLanguage\":\"pt-PT\",\"potentialAction\":[{\"@type\":\"ReadAction\",\"target\":[\"https:\/\/espacoestela.com\/pt\/produto\/meadas-de-bordar-mouline-anchor\/\"]}]},{\"@type\":\"ImageObject\",\"inLanguage\":\"pt-PT\",\"@id\":\"https:\/\/espacoestela.com\/pt\/produto\/meadas-de-bordar-mouline-anchor\/#primaryimage\",\"url\":\"https:\/\/espacoestela.com\/pt\/wp-content\/uploads\/2025\/06\/4635-1.jpg\",\"contentUrl\":\"https:\/\/espacoestela.com\/pt\/wp-content\/uploads\/2025\/06\/4635-1.jpg\",\"width\":681,\"height\":650},{\"@type\":\"BreadcrumbList\",\"@id\":\"https:\/\/espacoestela.com\/pt\/produto\/meadas-de-bordar-mouline-anchor\/#breadcrumb\",\"itemListElement\":[{\"@type\":\"ListItem\",\"position\":1,\"name\":\"In\u00edcio\",\"item\":\"https:\/\/espacoestela.com\/pt\/\"},{\"@type\":\"ListItem\",\"position\":2,\"name\":\"Loja\",\"item\":\"https:\/\/espacoestela.com\/pt\/loja\/\"},{\"@type\":\"ListItem\",\"position\":3,\"name\":\"Meadas de bordar Moulin\u00e9 Anchor\"}]},{\"@type\":\"WebSite\",\"@id\":\"https:\/\/espacoestela.com\/pt\/#website\",\"url\":\"https:\/\/espacoestela.com\/pt\/\",\"name\":\"Espa\u00e7o Estela\",\"description\":\"Um Espa\u00e7o a Pensar em Si\",\"publisher\":{\"@id\":\"https:\/\/espacoestela.com\/pt\/#organization\"},\"potentialAction\":[{\"@type\":\"SearchAction\",\"target\":{\"@type\":\"EntryPoint\",\"urlTemplate\":\"https:\/\/espacoestela.com\/pt\/?s={search_term_string}\"},\"query-input\":{\"@type\":\"PropertyValueSpecification\",\"valueRequired\":true,\"valueName\":\"search_term_string\"}}],\"inLanguage\":\"pt-PT\"},{\"@type\":\"Organization\",\"@id\":\"https:\/\/espacoestela.com\/pt\/#organization\",\"name\":\"Espa\u00e7o Estela\",\"url\":\"https:\/\/espacoestela.com\/pt\/\",\"logo\":{\"@type\":\"ImageObject\",\"inLanguage\":\"pt-PT\",\"@id\":\"https:\/\/espacoestela.com\/pt\/#\/schema\/logo\/image\/\",\"url\":\"https:\/\/espacoestela.com\/pt\/wp-content\/uploads\/2024\/12\/logoespacoestela28-02-07.jpg\",\"contentUrl\":\"https:\/\/espacoestela.com\/pt\/wp-content\/uploads\/2024\/12\/logoespacoestela28-02-07.jpg\",\"width\":1468,\"height\":968,\"caption\":\"Espa\u00e7o Estela\"},\"image\":{\"@id\":\"https:\/\/espacoestela.com\/pt\/#\/schema\/logo\/image\/\"}}]}<\/script>\n<!-- \/ Yoast SEO plugin. -->","yoast_head_json":{"title":"Meadas de bordar Moulin\u00e9 Anchor - Espa\u00e7o Estela","robots":{"index":"index","follow":"follow","max-snippet":"max-snippet:-1","max-image-preview":"max-image-preview:large","max-video-preview":"max-video-preview:-1"},"canonical":"https:\/\/espacoestela.com\/pt\/produto\/meadas-de-bordar-mouline-anchor\/","og_locale":"pt_PT","og_type":"article","og_title":"Meadas de bordar Moulin\u00e9 Anchor - Espa\u00e7o Estela","og_description":"Meadas de bordar 8m Moulin\u00e9 Anchor 100% Algod\u00e3o Mercerizado Ideal para realizar trabalhos artesanais de ponto de cruz e outras t\u00e9cnicas. &nbsp;","og_url":"https:\/\/espacoestela.com\/pt\/produto\/meadas-de-bordar-mouline-anchor\/","og_site_name":"Espa\u00e7o Estela","og_image":[{"width":681,"height":650,"url":"https:\/\/espacoestela.com\/pt\/wp-content\/uploads\/2025\/06\/4635-1.jpg","type":"image\/jpeg"}],"twitter_card":"summary_large_image","twitter_misc":{"Tempo estimado de leitura":"1 minuto"},"schema":{"@context":"https:\/\/schema.org","@graph":[{"@type":"WebPage","@id":"https:\/\/espacoestela.com\/pt\/produto\/meadas-de-bordar-mouline-anchor\/","url":"https:\/\/espacoestela.com\/pt\/produto\/meadas-de-bordar-mouline-anchor\/","name":"Meadas de bordar Moulin\u00e9 Anchor - Espa\u00e7o Estela","isPartOf":{"@id":"https:\/\/espacoestela.com\/pt\/#website"},"primaryImageOfPage":{"@id":"https:\/\/espacoestela.com\/pt\/produto\/meadas-de-bordar-mouline-anchor\/#primaryimage"},"image":{"@id":"https:\/\/espacoestela.com\/pt\/produto\/meadas-de-bordar-mouline-anchor\/#primaryimage"},"thumbnailUrl":"https:\/\/espacoestela.com\/pt\/wp-content\/uploads\/2025\/06\/4635-1.jpg","datePublished":"2025-07-01T10:22:51+00:00","breadcrumb":{"@id":"https:\/\/espacoestela.com\/pt\/produto\/meadas-de-bordar-mouline-anchor\/#breadcrumb"},"inLanguage":"pt-PT","potentialAction":[{"@type":"ReadAction","target":["https:\/\/espacoestela.com\/pt\/produto\/meadas-de-bordar-mouline-anchor\/"]}]},{"@type":"ImageObject","inLanguage":"pt-PT","@id":"https:\/\/espacoestela.com\/pt\/produto\/meadas-de-bordar-mouline-anchor\/#primaryimage","url":"https:\/\/espacoestela.com\/pt\/wp-content\/uploads\/2025\/06\/4635-1.jpg","contentUrl":"https:\/\/espacoestela.com\/pt\/wp-content\/uploads\/2025\/06\/4635-1.jpg","width":681,"height":650},{"@type":"BreadcrumbList","@id":"https:\/\/espacoestela.com\/pt\/produto\/meadas-de-bordar-mouline-anchor\/#breadcrumb","itemListElement":[{"@type":"ListItem","position":1,"name":"In\u00edcio","item":"https:\/\/espacoestela.com\/pt\/"},{"@type":"ListItem","position":2,"name":"Loja","item":"https:\/\/espacoestela.com\/pt\/loja\/"},{"@type":"ListItem","position":3,"name":"Meadas de bordar Moulin\u00e9 Anchor"}]},{"@type":"WebSite","@id":"https:\/\/espacoestela.com\/pt\/#website","url":"https:\/\/espacoestela.com\/pt\/","name":"Espa\u00e7o Estela","description":"Um Espa\u00e7o a Pensar em Si","publisher":{"@id":"https:\/\/espacoestela.com\/pt\/#organization"},"potentialAction":[{"@type":"SearchAction","target":{"@type":"EntryPoint","urlTemplate":"https:\/\/espacoestela.com\/pt\/?s={search_term_string}"},"query-input":{"@type":"PropertyValueSpecification","valueRequired":true,"valueName":"search_term_string"}}],"inLanguage":"pt-PT"},{"@type":"Organization","@id":"https:\/\/espacoestela.com\/pt\/#organization","name":"Espa\u00e7o Estela","url":"https:\/\/espacoestela.com\/pt\/","logo":{"@type":"ImageObject","inLanguage":"pt-PT","@id":"https:\/\/espacoestela.com\/pt\/#\/schema\/logo\/image\/","url":"https:\/\/espacoestela.com\/pt\/wp-content\/uploads\/2024\/12\/logoespacoestela28-02-07.jpg","contentUrl":"https:\/\/espacoestela.com\/pt\/wp-content\/uploads\/2024\/12\/logoespacoestela28-02-07.jpg","width":1468,"height":968,"caption":"Espa\u00e7o Estela"},"image":{"@id":"https:\/\/espacoestela.com\/pt\/#\/schema\/logo\/image\/"}}]}},"jetpack_sharing_enabled":true,"_links":{"self":[{"href":"https:\/\/espacoestela.com\/pt\/wp-json\/wp\/v2\/product\/18577","targetHints":{"allow":["GET"]}}],"collection":[{"href":"https:\/\/espacoestela.com\/pt\/wp-json\/wp\/v2\/product"}],"about":[{"href":"https:\/\/espacoestela.com\/pt\/wp-json\/wp\/v2\/types\/product"}],"replies":[{"embeddable":true,"href":"https:\/\/espacoestela.com\/pt\/wp-json\/wp\/v2\/comments?post=18577"}],"version-history":[{"count":2,"href":"https:\/\/espacoestela.com\/pt\/wp-json\/wp\/v2\/product\/18577\/revisions"}],"predecessor-version":[{"id":19132,"href":"https:\/\/espacoestela.com\/pt\/wp-json\/wp\/v2\/product\/18577\/revisions\/19132"}],"wp:featuredmedia":[{"embeddable":true,"href":"https:\/\/espacoestela.com\/pt\/wp-json\/wp\/v2\/media\/18810"}],"wp:attachment":[{"href":"https:\/\/espacoestela.com\/pt\/wp-json\/wp\/v2\/media?parent=18577"}],"wp:term":[{"taxonomy":"product_brand","embeddable":true,"href":"https:\/\/espacoestela.com\/pt\/wp-json\/wp\/v2\/product_brand?post=18577"},{"taxonomy":"product_cat","embeddable":true,"href":"https:\/\/espacoestela.com\/pt\/wp-json\/wp\/v2\/product_cat?post=18577"},{"taxonomy":"product_tag","embeddable":true,"href":"https:\/\/espacoestela.com\/pt\/wp-json\/wp\/v2\/product_tag?post=18577"}],"curies":[{"name":"wp","href":"https:\/\/api.w.org\/{rel}","templated":true}]}}