{"id":18593,"date":"2025-06-30T14:01:17","date_gmt":"2025-06-30T14:01:17","guid":{"rendered":"https:\/\/espacoestela.com\/pt\/?post_type=product&#038;p=18593"},"modified":"2025-06-30T14:01:20","modified_gmt":"2025-06-30T14:01:20","slug":"linhas-de-coser-100m","status":"publish","type":"product","link":"https:\/\/espacoestela.com\/pt\/produto\/linhas-de-coser-100m\/","title":{"rendered":"Linhas de coser 100m"},"content":{"rendered":"<p>Dispomos de uma vasta gama de cores de linhas de coser \u00e0 m\u00e3o, e \u00e0 m\u00e1quina em carrinhos de coser em 100m, e 200m. Dispomos de uma pequena gama de carrinhos de 200m n\u00ba14, destinada a trabalhos que exijam uma linha mais grossa, como por exemplo, gangas.<\/p>\n","protected":false},"excerpt":{"rendered":"<p>Dispomos de uma vasta gama de cores de linhas de coser \u00e0 m\u00e3o, e \u00e0 m\u00e1quina em carrinhos de coser em 100m, e 200m. Dispomos de uma pequena gama de carrinhos de 200m n\u00ba14, destinada a trabalhos que exijam uma linha mais grossa, como por exemplo, gangas.<\/p>\n","protected":false},"featured_media":18595,"comment_status":"open","ping_status":"closed","template":"","meta":{"_acf_changed":false,"om_disable_all_campaigns":false},"product_brand":[],"product_cat":[282,15],"product_tag":[],"class_list":{"0":"post-18593","1":"product","2":"type-product","3":"status-publish","4":"has-post-thumbnail","6":"product_cat-coser-100m","7":"product_cat-outros-produtos","9":"first","10":"instock","11":"taxable","12":"shipping-taxable","13":"purchasable","14":"product-type-variable","15":"add-to-wishlist-before_add_to_cart"},"acf":[],"yoast_head":"<!-- This site is optimized with the Yoast SEO plugin v24.5 - https:\/\/yoast.com\/wordpress\/plugins\/seo\/ -->\n<title>Linhas de coser 100m - Espa\u00e7o Estela<\/title>\n<meta name=\"robots\" content=\"index, follow, max-snippet:-1, max-image-preview:large, max-video-preview:-1\" \/>\n<link rel=\"canonical\" href=\"https:\/\/espacoestela.com\/pt\/produto\/linhas-de-coser-100m\/\" \/>\n<meta property=\"og:locale\" content=\"pt_PT\" \/>\n<meta property=\"og:type\" content=\"article\" \/>\n<meta property=\"og:title\" content=\"Linhas de coser 100m - Espa\u00e7o Estela\" \/>\n<meta property=\"og:description\" content=\"Dispomos de uma vasta gama de cores de linhas de coser \u00e0 m\u00e3o, e \u00e0 m\u00e1quina em carrinhos de coser em 100m, e 200m. Dispomos de uma pequena gama de carrinhos de 200m n\u00ba14, destinada a trabalhos que exijam uma linha mais grossa, como por exemplo, gangas.\" \/>\n<meta property=\"og:url\" content=\"https:\/\/espacoestela.com\/pt\/produto\/linhas-de-coser-100m\/\" \/>\n<meta property=\"og:site_name\" content=\"Espa\u00e7o Estela\" \/>\n<meta property=\"article:modified_time\" content=\"2025-06-30T14:01:20+00:00\" \/>\n<meta property=\"og:image\" content=\"https:\/\/espacoestela.com\/pt\/wp-content\/uploads\/2025\/06\/15.jpg\" \/>\n\t<meta property=\"og:image:width\" content=\"480\" \/>\n\t<meta property=\"og:image:height\" content=\"420\" \/>\n\t<meta property=\"og:image:type\" content=\"image\/jpeg\" \/>\n<meta name=\"twitter:card\" content=\"summary_large_image\" \/>\n<meta name=\"twitter:label1\" content=\"Tempo estimado de leitura\" \/>\n\t<meta name=\"twitter:data1\" content=\"1 minuto\" \/>\n<script type=\"application\/ld+json\" class=\"yoast-schema-graph\">{\"@context\":\"https:\/\/schema.org\",\"@graph\":[{\"@type\":\"WebPage\",\"@id\":\"https:\/\/espacoestela.com\/pt\/produto\/linhas-de-coser-100m\/\",\"url\":\"https:\/\/espacoestela.com\/pt\/produto\/linhas-de-coser-100m\/\",\"name\":\"Linhas de coser 100m - Espa\u00e7o Estela\",\"isPartOf\":{\"@id\":\"https:\/\/espacoestela.com\/pt\/#website\"},\"primaryImageOfPage\":{\"@id\":\"https:\/\/espacoestela.com\/pt\/produto\/linhas-de-coser-100m\/#primaryimage\"},\"image\":{\"@id\":\"https:\/\/espacoestela.com\/pt\/produto\/linhas-de-coser-100m\/#primaryimage\"},\"thumbnailUrl\":\"https:\/\/espacoestela.com\/pt\/wp-content\/uploads\/2025\/06\/15.jpg\",\"datePublished\":\"2025-06-30T14:01:17+00:00\",\"dateModified\":\"2025-06-30T14:01:20+00:00\",\"breadcrumb\":{\"@id\":\"https:\/\/espacoestela.com\/pt\/produto\/linhas-de-coser-100m\/#breadcrumb\"},\"inLanguage\":\"pt-PT\",\"potentialAction\":[{\"@type\":\"ReadAction\",\"target\":[\"https:\/\/espacoestela.com\/pt\/produto\/linhas-de-coser-100m\/\"]}]},{\"@type\":\"ImageObject\",\"inLanguage\":\"pt-PT\",\"@id\":\"https:\/\/espacoestela.com\/pt\/produto\/linhas-de-coser-100m\/#primaryimage\",\"url\":\"https:\/\/espacoestela.com\/pt\/wp-content\/uploads\/2025\/06\/15.jpg\",\"contentUrl\":\"https:\/\/espacoestela.com\/pt\/wp-content\/uploads\/2025\/06\/15.jpg\",\"width\":480,\"height\":420},{\"@type\":\"BreadcrumbList\",\"@id\":\"https:\/\/espacoestela.com\/pt\/produto\/linhas-de-coser-100m\/#breadcrumb\",\"itemListElement\":[{\"@type\":\"ListItem\",\"position\":1,\"name\":\"In\u00edcio\",\"item\":\"https:\/\/espacoestela.com\/pt\/\"},{\"@type\":\"ListItem\",\"position\":2,\"name\":\"Loja\",\"item\":\"https:\/\/espacoestela.com\/pt\/loja\/\"},{\"@type\":\"ListItem\",\"position\":3,\"name\":\"Linhas de coser 100m\"}]},{\"@type\":\"WebSite\",\"@id\":\"https:\/\/espacoestela.com\/pt\/#website\",\"url\":\"https:\/\/espacoestela.com\/pt\/\",\"name\":\"Espa\u00e7o Estela\",\"description\":\"Um Espa\u00e7o a Pensar em Si\",\"publisher\":{\"@id\":\"https:\/\/espacoestela.com\/pt\/#organization\"},\"potentialAction\":[{\"@type\":\"SearchAction\",\"target\":{\"@type\":\"EntryPoint\",\"urlTemplate\":\"https:\/\/espacoestela.com\/pt\/?s={search_term_string}\"},\"query-input\":{\"@type\":\"PropertyValueSpecification\",\"valueRequired\":true,\"valueName\":\"search_term_string\"}}],\"inLanguage\":\"pt-PT\"},{\"@type\":\"Organization\",\"@id\":\"https:\/\/espacoestela.com\/pt\/#organization\",\"name\":\"Espa\u00e7o Estela\",\"url\":\"https:\/\/espacoestela.com\/pt\/\",\"logo\":{\"@type\":\"ImageObject\",\"inLanguage\":\"pt-PT\",\"@id\":\"https:\/\/espacoestela.com\/pt\/#\/schema\/logo\/image\/\",\"url\":\"https:\/\/espacoestela.com\/pt\/wp-content\/uploads\/2024\/12\/logoespacoestela28-02-07.jpg\",\"contentUrl\":\"https:\/\/espacoestela.com\/pt\/wp-content\/uploads\/2024\/12\/logoespacoestela28-02-07.jpg\",\"width\":1468,\"height\":968,\"caption\":\"Espa\u00e7o Estela\"},\"image\":{\"@id\":\"https:\/\/espacoestela.com\/pt\/#\/schema\/logo\/image\/\"}}]}<\/script>\n<!-- \/ Yoast SEO plugin. -->","yoast_head_json":{"title":"Linhas de coser 100m - Espa\u00e7o Estela","robots":{"index":"index","follow":"follow","max-snippet":"max-snippet:-1","max-image-preview":"max-image-preview:large","max-video-preview":"max-video-preview:-1"},"canonical":"https:\/\/espacoestela.com\/pt\/produto\/linhas-de-coser-100m\/","og_locale":"pt_PT","og_type":"article","og_title":"Linhas de coser 100m - Espa\u00e7o Estela","og_description":"Dispomos de uma vasta gama de cores de linhas de coser \u00e0 m\u00e3o, e \u00e0 m\u00e1quina em carrinhos de coser em 100m, e 200m. Dispomos de uma pequena gama de carrinhos de 200m n\u00ba14, destinada a trabalhos que exijam uma linha mais grossa, como por exemplo, gangas.","og_url":"https:\/\/espacoestela.com\/pt\/produto\/linhas-de-coser-100m\/","og_site_name":"Espa\u00e7o Estela","article_modified_time":"2025-06-30T14:01:20+00:00","og_image":[{"width":480,"height":420,"url":"https:\/\/espacoestela.com\/pt\/wp-content\/uploads\/2025\/06\/15.jpg","type":"image\/jpeg"}],"twitter_card":"summary_large_image","twitter_misc":{"Tempo estimado de leitura":"1 minuto"},"schema":{"@context":"https:\/\/schema.org","@graph":[{"@type":"WebPage","@id":"https:\/\/espacoestela.com\/pt\/produto\/linhas-de-coser-100m\/","url":"https:\/\/espacoestela.com\/pt\/produto\/linhas-de-coser-100m\/","name":"Linhas de coser 100m - Espa\u00e7o Estela","isPartOf":{"@id":"https:\/\/espacoestela.com\/pt\/#website"},"primaryImageOfPage":{"@id":"https:\/\/espacoestela.com\/pt\/produto\/linhas-de-coser-100m\/#primaryimage"},"image":{"@id":"https:\/\/espacoestela.com\/pt\/produto\/linhas-de-coser-100m\/#primaryimage"},"thumbnailUrl":"https:\/\/espacoestela.com\/pt\/wp-content\/uploads\/2025\/06\/15.jpg","datePublished":"2025-06-30T14:01:17+00:00","dateModified":"2025-06-30T14:01:20+00:00","breadcrumb":{"@id":"https:\/\/espacoestela.com\/pt\/produto\/linhas-de-coser-100m\/#breadcrumb"},"inLanguage":"pt-PT","potentialAction":[{"@type":"ReadAction","target":["https:\/\/espacoestela.com\/pt\/produto\/linhas-de-coser-100m\/"]}]},{"@type":"ImageObject","inLanguage":"pt-PT","@id":"https:\/\/espacoestela.com\/pt\/produto\/linhas-de-coser-100m\/#primaryimage","url":"https:\/\/espacoestela.com\/pt\/wp-content\/uploads\/2025\/06\/15.jpg","contentUrl":"https:\/\/espacoestela.com\/pt\/wp-content\/uploads\/2025\/06\/15.jpg","width":480,"height":420},{"@type":"BreadcrumbList","@id":"https:\/\/espacoestela.com\/pt\/produto\/linhas-de-coser-100m\/#breadcrumb","itemListElement":[{"@type":"ListItem","position":1,"name":"In\u00edcio","item":"https:\/\/espacoestela.com\/pt\/"},{"@type":"ListItem","position":2,"name":"Loja","item":"https:\/\/espacoestela.com\/pt\/loja\/"},{"@type":"ListItem","position":3,"name":"Linhas de coser 100m"}]},{"@type":"WebSite","@id":"https:\/\/espacoestela.com\/pt\/#website","url":"https:\/\/espacoestela.com\/pt\/","name":"Espa\u00e7o Estela","description":"Um Espa\u00e7o a Pensar em Si","publisher":{"@id":"https:\/\/espacoestela.com\/pt\/#organization"},"potentialAction":[{"@type":"SearchAction","target":{"@type":"EntryPoint","urlTemplate":"https:\/\/espacoestela.com\/pt\/?s={search_term_string}"},"query-input":{"@type":"PropertyValueSpecification","valueRequired":true,"valueName":"search_term_string"}}],"inLanguage":"pt-PT"},{"@type":"Organization","@id":"https:\/\/espacoestela.com\/pt\/#organization","name":"Espa\u00e7o Estela","url":"https:\/\/espacoestela.com\/pt\/","logo":{"@type":"ImageObject","inLanguage":"pt-PT","@id":"https:\/\/espacoestela.com\/pt\/#\/schema\/logo\/image\/","url":"https:\/\/espacoestela.com\/pt\/wp-content\/uploads\/2024\/12\/logoespacoestela28-02-07.jpg","contentUrl":"https:\/\/espacoestela.com\/pt\/wp-content\/uploads\/2024\/12\/logoespacoestela28-02-07.jpg","width":1468,"height":968,"caption":"Espa\u00e7o Estela"},"image":{"@id":"https:\/\/espacoestela.com\/pt\/#\/schema\/logo\/image\/"}}]}},"jetpack_sharing_enabled":true,"_links":{"self":[{"href":"https:\/\/espacoestela.com\/pt\/wp-json\/wp\/v2\/product\/18593","targetHints":{"allow":["GET"]}}],"collection":[{"href":"https:\/\/espacoestela.com\/pt\/wp-json\/wp\/v2\/product"}],"about":[{"href":"https:\/\/espacoestela.com\/pt\/wp-json\/wp\/v2\/types\/product"}],"replies":[{"embeddable":true,"href":"https:\/\/espacoestela.com\/pt\/wp-json\/wp\/v2\/comments?post=18593"}],"version-history":[{"count":1,"href":"https:\/\/espacoestela.com\/pt\/wp-json\/wp\/v2\/product\/18593\/revisions"}],"predecessor-version":[{"id":18646,"href":"https:\/\/espacoestela.com\/pt\/wp-json\/wp\/v2\/product\/18593\/revisions\/18646"}],"wp:featuredmedia":[{"embeddable":true,"href":"https:\/\/espacoestela.com\/pt\/wp-json\/wp\/v2\/media\/18595"}],"wp:attachment":[{"href":"https:\/\/espacoestela.com\/pt\/wp-json\/wp\/v2\/media?parent=18593"}],"wp:term":[{"taxonomy":"product_brand","embeddable":true,"href":"https:\/\/espacoestela.com\/pt\/wp-json\/wp\/v2\/product_brand?post=18593"},{"taxonomy":"product_cat","embeddable":true,"href":"https:\/\/espacoestela.com\/pt\/wp-json\/wp\/v2\/product_cat?post=18593"},{"taxonomy":"product_tag","embeddable":true,"href":"https:\/\/espacoestela.com\/pt\/wp-json\/wp\/v2\/product_tag?post=18593"}],"curies":[{"name":"wp","href":"https:\/\/api.w.org\/{rel}","templated":true}]}}