{"id":19325,"date":"2025-07-01T10:20:37","date_gmt":"2025-07-01T10:20:37","guid":{"rendered":"https:\/\/espacoestela.com\/pt\/?post_type=product&#038;p=19325"},"modified":"2025-07-01T10:20:38","modified_gmt":"2025-07-01T10:20:38","slug":"elasticos","status":"publish","type":"product","link":"https:\/\/espacoestela.com\/pt\/produto\/elasticos\/","title":{"rendered":"El\u00e1sticos"},"content":{"rendered":"<p>El\u00e1stico para v\u00e1rios tipos de trabalhos de costura,<\/p>\n<p>N\u00ba6- 5mm<\/p>\n<p>N\u00ba8- 6mm<\/p>\n<p>N\u00ba10- 7mm<\/p>\n<p>N\u00ba12- 7mm<\/p>\n<p>N\u00ba 14- 10mm<\/p>\n<p>N\u00ba16- 11mm<\/p>\n<p>N\u00ba18- 14mm<\/p>\n<p>N\u00ba23- 13mm<\/p>\n","protected":false},"excerpt":{"rendered":"<p>El\u00e1stico para v\u00e1rios tipos de trabalhos de costura, N\u00ba6- 5mm N\u00ba8- 6mm N\u00ba10- 7mm N\u00ba12- 7mm N\u00ba 14- 10mm N\u00ba16- 11mm N\u00ba18- 14mm N\u00ba23- 13mm<\/p>\n","protected":false},"featured_media":18816,"comment_status":"open","ping_status":"closed","template":"","meta":{"_acf_changed":false,"om_disable_all_campaigns":false},"product_brand":[],"product_cat":[15],"product_tag":[],"class_list":{"0":"post-19325","1":"product","2":"type-product","3":"status-publish","4":"has-post-thumbnail","6":"product_cat-outros-produtos","8":"first","9":"instock","10":"taxable","11":"shipping-taxable","12":"purchasable","13":"product-type-variable","14":"add-to-wishlist-before_add_to_cart"},"acf":[],"yoast_head":"<!-- This site is optimized with the Yoast SEO plugin v24.5 - https:\/\/yoast.com\/wordpress\/plugins\/seo\/ -->\n<title>El\u00e1sticos - Espa\u00e7o Estela<\/title>\n<meta name=\"robots\" content=\"index, follow, max-snippet:-1, max-image-preview:large, max-video-preview:-1\" \/>\n<link rel=\"canonical\" href=\"https:\/\/espacoestela.com\/pt\/produto\/elasticos\/\" \/>\n<meta property=\"og:locale\" content=\"pt_PT\" \/>\n<meta property=\"og:type\" content=\"article\" \/>\n<meta property=\"og:title\" content=\"El\u00e1sticos - Espa\u00e7o Estela\" \/>\n<meta property=\"og:description\" content=\"El\u00e1stico para v\u00e1rios tipos de trabalhos de costura, N\u00ba6- 5mm N\u00ba8- 6mm N\u00ba10- 7mm N\u00ba12- 7mm N\u00ba 14- 10mm N\u00ba16- 11mm N\u00ba18- 14mm N\u00ba23- 13mm\" \/>\n<meta property=\"og:url\" content=\"https:\/\/espacoestela.com\/pt\/produto\/elasticos\/\" \/>\n<meta property=\"og:site_name\" content=\"Espa\u00e7o Estela\" \/>\n<meta property=\"article:modified_time\" content=\"2025-07-01T10:20:38+00:00\" \/>\n<meta property=\"og:image\" content=\"https:\/\/espacoestela.com\/pt\/wp-content\/uploads\/2025\/06\/Elastico-4-scaled.jpg\" \/>\n\t<meta property=\"og:image:width\" content=\"1920\" \/>\n\t<meta property=\"og:image:height\" content=\"2560\" \/>\n\t<meta property=\"og:image:type\" content=\"image\/jpeg\" \/>\n<meta name=\"twitter:card\" content=\"summary_large_image\" \/>\n<meta name=\"twitter:label1\" content=\"Tempo estimado de leitura\" \/>\n\t<meta name=\"twitter:data1\" content=\"1 minuto\" \/>\n<script type=\"application\/ld+json\" class=\"yoast-schema-graph\">{\"@context\":\"https:\/\/schema.org\",\"@graph\":[{\"@type\":\"WebPage\",\"@id\":\"https:\/\/espacoestela.com\/pt\/produto\/elasticos\/\",\"url\":\"https:\/\/espacoestela.com\/pt\/produto\/elasticos\/\",\"name\":\"El\u00e1sticos - Espa\u00e7o Estela\",\"isPartOf\":{\"@id\":\"https:\/\/espacoestela.com\/pt\/#website\"},\"primaryImageOfPage\":{\"@id\":\"https:\/\/espacoestela.com\/pt\/produto\/elasticos\/#primaryimage\"},\"image\":{\"@id\":\"https:\/\/espacoestela.com\/pt\/produto\/elasticos\/#primaryimage\"},\"thumbnailUrl\":\"https:\/\/espacoestela.com\/pt\/wp-content\/uploads\/2025\/06\/Elastico-4-scaled.jpg\",\"datePublished\":\"2025-07-01T10:20:37+00:00\",\"dateModified\":\"2025-07-01T10:20:38+00:00\",\"breadcrumb\":{\"@id\":\"https:\/\/espacoestela.com\/pt\/produto\/elasticos\/#breadcrumb\"},\"inLanguage\":\"pt-PT\",\"potentialAction\":[{\"@type\":\"ReadAction\",\"target\":[\"https:\/\/espacoestela.com\/pt\/produto\/elasticos\/\"]}]},{\"@type\":\"ImageObject\",\"inLanguage\":\"pt-PT\",\"@id\":\"https:\/\/espacoestela.com\/pt\/produto\/elasticos\/#primaryimage\",\"url\":\"https:\/\/espacoestela.com\/pt\/wp-content\/uploads\/2025\/06\/Elastico-4-scaled.jpg\",\"contentUrl\":\"https:\/\/espacoestela.com\/pt\/wp-content\/uploads\/2025\/06\/Elastico-4-scaled.jpg\",\"width\":1920,\"height\":2560},{\"@type\":\"BreadcrumbList\",\"@id\":\"https:\/\/espacoestela.com\/pt\/produto\/elasticos\/#breadcrumb\",\"itemListElement\":[{\"@type\":\"ListItem\",\"position\":1,\"name\":\"In\u00edcio\",\"item\":\"https:\/\/espacoestela.com\/pt\/\"},{\"@type\":\"ListItem\",\"position\":2,\"name\":\"Loja\",\"item\":\"https:\/\/espacoestela.com\/pt\/loja\/\"},{\"@type\":\"ListItem\",\"position\":3,\"name\":\"El\u00e1sticos\"}]},{\"@type\":\"WebSite\",\"@id\":\"https:\/\/espacoestela.com\/pt\/#website\",\"url\":\"https:\/\/espacoestela.com\/pt\/\",\"name\":\"Espa\u00e7o Estela\",\"description\":\"Um Espa\u00e7o a Pensar em Si\",\"publisher\":{\"@id\":\"https:\/\/espacoestela.com\/pt\/#organization\"},\"potentialAction\":[{\"@type\":\"SearchAction\",\"target\":{\"@type\":\"EntryPoint\",\"urlTemplate\":\"https:\/\/espacoestela.com\/pt\/?s={search_term_string}\"},\"query-input\":{\"@type\":\"PropertyValueSpecification\",\"valueRequired\":true,\"valueName\":\"search_term_string\"}}],\"inLanguage\":\"pt-PT\"},{\"@type\":\"Organization\",\"@id\":\"https:\/\/espacoestela.com\/pt\/#organization\",\"name\":\"Espa\u00e7o Estela\",\"url\":\"https:\/\/espacoestela.com\/pt\/\",\"logo\":{\"@type\":\"ImageObject\",\"inLanguage\":\"pt-PT\",\"@id\":\"https:\/\/espacoestela.com\/pt\/#\/schema\/logo\/image\/\",\"url\":\"https:\/\/espacoestela.com\/pt\/wp-content\/uploads\/2024\/12\/logoespacoestela28-02-07.jpg\",\"contentUrl\":\"https:\/\/espacoestela.com\/pt\/wp-content\/uploads\/2024\/12\/logoespacoestela28-02-07.jpg\",\"width\":1468,\"height\":968,\"caption\":\"Espa\u00e7o Estela\"},\"image\":{\"@id\":\"https:\/\/espacoestela.com\/pt\/#\/schema\/logo\/image\/\"}}]}<\/script>\n<!-- \/ Yoast SEO plugin. -->","yoast_head_json":{"title":"El\u00e1sticos - Espa\u00e7o Estela","robots":{"index":"index","follow":"follow","max-snippet":"max-snippet:-1","max-image-preview":"max-image-preview:large","max-video-preview":"max-video-preview:-1"},"canonical":"https:\/\/espacoestela.com\/pt\/produto\/elasticos\/","og_locale":"pt_PT","og_type":"article","og_title":"El\u00e1sticos - Espa\u00e7o Estela","og_description":"El\u00e1stico para v\u00e1rios tipos de trabalhos de costura, N\u00ba6- 5mm N\u00ba8- 6mm N\u00ba10- 7mm N\u00ba12- 7mm N\u00ba 14- 10mm N\u00ba16- 11mm N\u00ba18- 14mm N\u00ba23- 13mm","og_url":"https:\/\/espacoestela.com\/pt\/produto\/elasticos\/","og_site_name":"Espa\u00e7o Estela","article_modified_time":"2025-07-01T10:20:38+00:00","og_image":[{"width":1920,"height":2560,"url":"https:\/\/espacoestela.com\/pt\/wp-content\/uploads\/2025\/06\/Elastico-4-scaled.jpg","type":"image\/jpeg"}],"twitter_card":"summary_large_image","twitter_misc":{"Tempo estimado de leitura":"1 minuto"},"schema":{"@context":"https:\/\/schema.org","@graph":[{"@type":"WebPage","@id":"https:\/\/espacoestela.com\/pt\/produto\/elasticos\/","url":"https:\/\/espacoestela.com\/pt\/produto\/elasticos\/","name":"El\u00e1sticos - Espa\u00e7o Estela","isPartOf":{"@id":"https:\/\/espacoestela.com\/pt\/#website"},"primaryImageOfPage":{"@id":"https:\/\/espacoestela.com\/pt\/produto\/elasticos\/#primaryimage"},"image":{"@id":"https:\/\/espacoestela.com\/pt\/produto\/elasticos\/#primaryimage"},"thumbnailUrl":"https:\/\/espacoestela.com\/pt\/wp-content\/uploads\/2025\/06\/Elastico-4-scaled.jpg","datePublished":"2025-07-01T10:20:37+00:00","dateModified":"2025-07-01T10:20:38+00:00","breadcrumb":{"@id":"https:\/\/espacoestela.com\/pt\/produto\/elasticos\/#breadcrumb"},"inLanguage":"pt-PT","potentialAction":[{"@type":"ReadAction","target":["https:\/\/espacoestela.com\/pt\/produto\/elasticos\/"]}]},{"@type":"ImageObject","inLanguage":"pt-PT","@id":"https:\/\/espacoestela.com\/pt\/produto\/elasticos\/#primaryimage","url":"https:\/\/espacoestela.com\/pt\/wp-content\/uploads\/2025\/06\/Elastico-4-scaled.jpg","contentUrl":"https:\/\/espacoestela.com\/pt\/wp-content\/uploads\/2025\/06\/Elastico-4-scaled.jpg","width":1920,"height":2560},{"@type":"BreadcrumbList","@id":"https:\/\/espacoestela.com\/pt\/produto\/elasticos\/#breadcrumb","itemListElement":[{"@type":"ListItem","position":1,"name":"In\u00edcio","item":"https:\/\/espacoestela.com\/pt\/"},{"@type":"ListItem","position":2,"name":"Loja","item":"https:\/\/espacoestela.com\/pt\/loja\/"},{"@type":"ListItem","position":3,"name":"El\u00e1sticos"}]},{"@type":"WebSite","@id":"https:\/\/espacoestela.com\/pt\/#website","url":"https:\/\/espacoestela.com\/pt\/","name":"Espa\u00e7o Estela","description":"Um Espa\u00e7o a Pensar em Si","publisher":{"@id":"https:\/\/espacoestela.com\/pt\/#organization"},"potentialAction":[{"@type":"SearchAction","target":{"@type":"EntryPoint","urlTemplate":"https:\/\/espacoestela.com\/pt\/?s={search_term_string}"},"query-input":{"@type":"PropertyValueSpecification","valueRequired":true,"valueName":"search_term_string"}}],"inLanguage":"pt-PT"},{"@type":"Organization","@id":"https:\/\/espacoestela.com\/pt\/#organization","name":"Espa\u00e7o Estela","url":"https:\/\/espacoestela.com\/pt\/","logo":{"@type":"ImageObject","inLanguage":"pt-PT","@id":"https:\/\/espacoestela.com\/pt\/#\/schema\/logo\/image\/","url":"https:\/\/espacoestela.com\/pt\/wp-content\/uploads\/2024\/12\/logoespacoestela28-02-07.jpg","contentUrl":"https:\/\/espacoestela.com\/pt\/wp-content\/uploads\/2024\/12\/logoespacoestela28-02-07.jpg","width":1468,"height":968,"caption":"Espa\u00e7o Estela"},"image":{"@id":"https:\/\/espacoestela.com\/pt\/#\/schema\/logo\/image\/"}}]}},"jetpack_sharing_enabled":true,"_links":{"self":[{"href":"https:\/\/espacoestela.com\/pt\/wp-json\/wp\/v2\/product\/19325","targetHints":{"allow":["GET"]}}],"collection":[{"href":"https:\/\/espacoestela.com\/pt\/wp-json\/wp\/v2\/product"}],"about":[{"href":"https:\/\/espacoestela.com\/pt\/wp-json\/wp\/v2\/types\/product"}],"replies":[{"embeddable":true,"href":"https:\/\/espacoestela.com\/pt\/wp-json\/wp\/v2\/comments?post=19325"}],"version-history":[{"count":1,"href":"https:\/\/espacoestela.com\/pt\/wp-json\/wp\/v2\/product\/19325\/revisions"}],"predecessor-version":[{"id":19346,"href":"https:\/\/espacoestela.com\/pt\/wp-json\/wp\/v2\/product\/19325\/revisions\/19346"}],"wp:featuredmedia":[{"embeddable":true,"href":"https:\/\/espacoestela.com\/pt\/wp-json\/wp\/v2\/media\/18816"}],"wp:attachment":[{"href":"https:\/\/espacoestela.com\/pt\/wp-json\/wp\/v2\/media?parent=19325"}],"wp:term":[{"taxonomy":"product_brand","embeddable":true,"href":"https:\/\/espacoestela.com\/pt\/wp-json\/wp\/v2\/product_brand?post=19325"},{"taxonomy":"product_cat","embeddable":true,"href":"https:\/\/espacoestela.com\/pt\/wp-json\/wp\/v2\/product_cat?post=19325"},{"taxonomy":"product_tag","embeddable":true,"href":"https:\/\/espacoestela.com\/pt\/wp-json\/wp\/v2\/product_tag?post=19325"}],"curies":[{"name":"wp","href":"https:\/\/api.w.org\/{rel}","templated":true}]}}