{"id":19381,"date":"2025-07-01T12:43:09","date_gmt":"2025-07-01T12:43:09","guid":{"rendered":"https:\/\/espacoestela.com\/pt\/?post_type=product&#038;p=19381"},"modified":"2025-07-01T12:44:15","modified_gmt":"2025-07-01T12:44:15","slug":"caminho-de-mesa-tear-45x140cm-7","status":"publish","type":"product","link":"https:\/\/espacoestela.com\/pt\/produto\/caminho-de-mesa-tear-45x140cm-7\/","title":{"rendered":"Caminho de mesa tear 45x140cm"},"content":{"rendered":"<p>Tamanho: 45x140cm<\/p>\n<p>Composi\u00e7\u00e3o: Jaquard\/tear<\/p>\n<p>Produto artesanal<\/p>\n<p>&nbsp;<\/p>\n<p>Transforme sua mesa num verdadeiro ponto de encontro com o Trilho de Mesa Tear. Com dimens\u00f5es de 45cm x 1,40m, ele \u00e9 perfeito para adicionar um toque r\u00fastico e acolhedor \u00e0 sua decora\u00e7\u00e3o. Seu design artesanal traz um charme especial, ideal para quem deseja criar um ambiente convidativo e elegante.<\/p>\n<p>&nbsp;<\/p>\n<p>&#8211; O tom do produto pode sofrer varia\u00e7\u00e3o conforme a remessa do material e cada tela tem uma calibra\u00e7\u00e3o diferente, podendo assim, parecer tom diferente de acordo com cada dispositivo usado.<\/p>\n","protected":false},"excerpt":{"rendered":"<p>Tamanho: 45x140cm Composi\u00e7\u00e3o: Jaquard\/tear Produto artesanal &nbsp; Transforme sua mesa num verdadeiro ponto de encontro com o Trilho de Mesa Tear. Com dimens\u00f5es de 45cm x 1,40m, ele \u00e9 perfeito para adicionar um toque r\u00fastico e acolhedor \u00e0 sua decora\u00e7\u00e3o. Seu design artesanal traz um charme especial, ideal para quem deseja criar um ambiente convidativo [&hellip;]<\/p>\n","protected":false},"featured_media":19382,"comment_status":"open","ping_status":"closed","template":"","meta":{"_acf_changed":false,"om_disable_all_campaigns":false},"product_brand":[],"product_cat":[314],"product_tag":[],"class_list":{"0":"post-19381","1":"product","2":"type-product","3":"status-publish","4":"has-post-thumbnail","6":"product_cat-caminhos-de-mesa","8":"first","9":"instock","10":"taxable","11":"shipping-taxable","12":"purchasable","13":"product-type-simple","14":"add-to-wishlist-before_add_to_cart"},"acf":[],"yoast_head":"<!-- This site is optimized with the Yoast SEO plugin v24.5 - https:\/\/yoast.com\/wordpress\/plugins\/seo\/ -->\n<title>Caminho de mesa tear 45x140cm - Espa\u00e7o Estela<\/title>\n<meta name=\"robots\" content=\"index, follow, max-snippet:-1, max-image-preview:large, max-video-preview:-1\" \/>\n<link rel=\"canonical\" href=\"https:\/\/espacoestela.com\/pt\/produto\/caminho-de-mesa-tear-45x140cm-7\/\" \/>\n<meta property=\"og:locale\" content=\"pt_PT\" \/>\n<meta property=\"og:type\" content=\"article\" \/>\n<meta property=\"og:title\" content=\"Caminho de mesa tear 45x140cm - Espa\u00e7o Estela\" \/>\n<meta property=\"og:description\" content=\"Tamanho: 45x140cm Composi\u00e7\u00e3o: Jaquard\/tear Produto artesanal &nbsp; Transforme sua mesa num verdadeiro ponto de encontro com o Trilho de Mesa Tear. Com dimens\u00f5es de 45cm x 1,40m, ele \u00e9 perfeito para adicionar um toque r\u00fastico e acolhedor \u00e0 sua decora\u00e7\u00e3o. Seu design artesanal traz um charme especial, ideal para quem deseja criar um ambiente convidativo [&hellip;]\" \/>\n<meta property=\"og:url\" content=\"https:\/\/espacoestela.com\/pt\/produto\/caminho-de-mesa-tear-45x140cm-7\/\" \/>\n<meta property=\"og:site_name\" content=\"Espa\u00e7o Estela\" \/>\n<meta property=\"article:modified_time\" content=\"2025-07-01T12:44:15+00:00\" \/>\n<meta property=\"og:image\" content=\"https:\/\/espacoestela.com\/pt\/wp-content\/uploads\/2025\/07\/WhatsApp-Image-2025-07-01-at-11.15.40-3.jpeg\" \/>\n\t<meta property=\"og:image:width\" content=\"900\" \/>\n\t<meta property=\"og:image:height\" content=\"1600\" \/>\n\t<meta property=\"og:image:type\" content=\"image\/jpeg\" \/>\n<meta name=\"twitter:card\" content=\"summary_large_image\" \/>\n<meta name=\"twitter:label1\" content=\"Tempo estimado de leitura\" \/>\n\t<meta name=\"twitter:data1\" content=\"1 minuto\" \/>\n<script type=\"application\/ld+json\" class=\"yoast-schema-graph\">{\"@context\":\"https:\/\/schema.org\",\"@graph\":[{\"@type\":\"WebPage\",\"@id\":\"https:\/\/espacoestela.com\/pt\/produto\/caminho-de-mesa-tear-45x140cm-7\/\",\"url\":\"https:\/\/espacoestela.com\/pt\/produto\/caminho-de-mesa-tear-45x140cm-7\/\",\"name\":\"Caminho de mesa tear 45x140cm - Espa\u00e7o Estela\",\"isPartOf\":{\"@id\":\"https:\/\/espacoestela.com\/pt\/#website\"},\"primaryImageOfPage\":{\"@id\":\"https:\/\/espacoestela.com\/pt\/produto\/caminho-de-mesa-tear-45x140cm-7\/#primaryimage\"},\"image\":{\"@id\":\"https:\/\/espacoestela.com\/pt\/produto\/caminho-de-mesa-tear-45x140cm-7\/#primaryimage\"},\"thumbnailUrl\":\"https:\/\/espacoestela.com\/pt\/wp-content\/uploads\/2025\/07\/WhatsApp-Image-2025-07-01-at-11.15.40-3.jpeg\",\"datePublished\":\"2025-07-01T12:43:09+00:00\",\"dateModified\":\"2025-07-01T12:44:15+00:00\",\"breadcrumb\":{\"@id\":\"https:\/\/espacoestela.com\/pt\/produto\/caminho-de-mesa-tear-45x140cm-7\/#breadcrumb\"},\"inLanguage\":\"pt-PT\",\"potentialAction\":[{\"@type\":\"ReadAction\",\"target\":[\"https:\/\/espacoestela.com\/pt\/produto\/caminho-de-mesa-tear-45x140cm-7\/\"]}]},{\"@type\":\"ImageObject\",\"inLanguage\":\"pt-PT\",\"@id\":\"https:\/\/espacoestela.com\/pt\/produto\/caminho-de-mesa-tear-45x140cm-7\/#primaryimage\",\"url\":\"https:\/\/espacoestela.com\/pt\/wp-content\/uploads\/2025\/07\/WhatsApp-Image-2025-07-01-at-11.15.40-3.jpeg\",\"contentUrl\":\"https:\/\/espacoestela.com\/pt\/wp-content\/uploads\/2025\/07\/WhatsApp-Image-2025-07-01-at-11.15.40-3.jpeg\",\"width\":900,\"height\":1600},{\"@type\":\"BreadcrumbList\",\"@id\":\"https:\/\/espacoestela.com\/pt\/produto\/caminho-de-mesa-tear-45x140cm-7\/#breadcrumb\",\"itemListElement\":[{\"@type\":\"ListItem\",\"position\":1,\"name\":\"In\u00edcio\",\"item\":\"https:\/\/espacoestela.com\/pt\/\"},{\"@type\":\"ListItem\",\"position\":2,\"name\":\"Loja\",\"item\":\"https:\/\/espacoestela.com\/pt\/loja\/\"},{\"@type\":\"ListItem\",\"position\":3,\"name\":\"Caminho de mesa tear 45x140cm\"}]},{\"@type\":\"WebSite\",\"@id\":\"https:\/\/espacoestela.com\/pt\/#website\",\"url\":\"https:\/\/espacoestela.com\/pt\/\",\"name\":\"Espa\u00e7o Estela\",\"description\":\"Um Espa\u00e7o a Pensar em Si\",\"publisher\":{\"@id\":\"https:\/\/espacoestela.com\/pt\/#organization\"},\"potentialAction\":[{\"@type\":\"SearchAction\",\"target\":{\"@type\":\"EntryPoint\",\"urlTemplate\":\"https:\/\/espacoestela.com\/pt\/?s={search_term_string}\"},\"query-input\":{\"@type\":\"PropertyValueSpecification\",\"valueRequired\":true,\"valueName\":\"search_term_string\"}}],\"inLanguage\":\"pt-PT\"},{\"@type\":\"Organization\",\"@id\":\"https:\/\/espacoestela.com\/pt\/#organization\",\"name\":\"Espa\u00e7o Estela\",\"url\":\"https:\/\/espacoestela.com\/pt\/\",\"logo\":{\"@type\":\"ImageObject\",\"inLanguage\":\"pt-PT\",\"@id\":\"https:\/\/espacoestela.com\/pt\/#\/schema\/logo\/image\/\",\"url\":\"https:\/\/espacoestela.com\/pt\/wp-content\/uploads\/2024\/12\/logoespacoestela28-02-07.jpg\",\"contentUrl\":\"https:\/\/espacoestela.com\/pt\/wp-content\/uploads\/2024\/12\/logoespacoestela28-02-07.jpg\",\"width\":1468,\"height\":968,\"caption\":\"Espa\u00e7o Estela\"},\"image\":{\"@id\":\"https:\/\/espacoestela.com\/pt\/#\/schema\/logo\/image\/\"}}]}<\/script>\n<!-- \/ Yoast SEO plugin. -->","yoast_head_json":{"title":"Caminho de mesa tear 45x140cm - Espa\u00e7o Estela","robots":{"index":"index","follow":"follow","max-snippet":"max-snippet:-1","max-image-preview":"max-image-preview:large","max-video-preview":"max-video-preview:-1"},"canonical":"https:\/\/espacoestela.com\/pt\/produto\/caminho-de-mesa-tear-45x140cm-7\/","og_locale":"pt_PT","og_type":"article","og_title":"Caminho de mesa tear 45x140cm - Espa\u00e7o Estela","og_description":"Tamanho: 45x140cm Composi\u00e7\u00e3o: Jaquard\/tear Produto artesanal &nbsp; Transforme sua mesa num verdadeiro ponto de encontro com o Trilho de Mesa Tear. Com dimens\u00f5es de 45cm x 1,40m, ele \u00e9 perfeito para adicionar um toque r\u00fastico e acolhedor \u00e0 sua decora\u00e7\u00e3o. Seu design artesanal traz um charme especial, ideal para quem deseja criar um ambiente convidativo [&hellip;]","og_url":"https:\/\/espacoestela.com\/pt\/produto\/caminho-de-mesa-tear-45x140cm-7\/","og_site_name":"Espa\u00e7o Estela","article_modified_time":"2025-07-01T12:44:15+00:00","og_image":[{"width":900,"height":1600,"url":"https:\/\/espacoestela.com\/pt\/wp-content\/uploads\/2025\/07\/WhatsApp-Image-2025-07-01-at-11.15.40-3.jpeg","type":"image\/jpeg"}],"twitter_card":"summary_large_image","twitter_misc":{"Tempo estimado de leitura":"1 minuto"},"schema":{"@context":"https:\/\/schema.org","@graph":[{"@type":"WebPage","@id":"https:\/\/espacoestela.com\/pt\/produto\/caminho-de-mesa-tear-45x140cm-7\/","url":"https:\/\/espacoestela.com\/pt\/produto\/caminho-de-mesa-tear-45x140cm-7\/","name":"Caminho de mesa tear 45x140cm - Espa\u00e7o Estela","isPartOf":{"@id":"https:\/\/espacoestela.com\/pt\/#website"},"primaryImageOfPage":{"@id":"https:\/\/espacoestela.com\/pt\/produto\/caminho-de-mesa-tear-45x140cm-7\/#primaryimage"},"image":{"@id":"https:\/\/espacoestela.com\/pt\/produto\/caminho-de-mesa-tear-45x140cm-7\/#primaryimage"},"thumbnailUrl":"https:\/\/espacoestela.com\/pt\/wp-content\/uploads\/2025\/07\/WhatsApp-Image-2025-07-01-at-11.15.40-3.jpeg","datePublished":"2025-07-01T12:43:09+00:00","dateModified":"2025-07-01T12:44:15+00:00","breadcrumb":{"@id":"https:\/\/espacoestela.com\/pt\/produto\/caminho-de-mesa-tear-45x140cm-7\/#breadcrumb"},"inLanguage":"pt-PT","potentialAction":[{"@type":"ReadAction","target":["https:\/\/espacoestela.com\/pt\/produto\/caminho-de-mesa-tear-45x140cm-7\/"]}]},{"@type":"ImageObject","inLanguage":"pt-PT","@id":"https:\/\/espacoestela.com\/pt\/produto\/caminho-de-mesa-tear-45x140cm-7\/#primaryimage","url":"https:\/\/espacoestela.com\/pt\/wp-content\/uploads\/2025\/07\/WhatsApp-Image-2025-07-01-at-11.15.40-3.jpeg","contentUrl":"https:\/\/espacoestela.com\/pt\/wp-content\/uploads\/2025\/07\/WhatsApp-Image-2025-07-01-at-11.15.40-3.jpeg","width":900,"height":1600},{"@type":"BreadcrumbList","@id":"https:\/\/espacoestela.com\/pt\/produto\/caminho-de-mesa-tear-45x140cm-7\/#breadcrumb","itemListElement":[{"@type":"ListItem","position":1,"name":"In\u00edcio","item":"https:\/\/espacoestela.com\/pt\/"},{"@type":"ListItem","position":2,"name":"Loja","item":"https:\/\/espacoestela.com\/pt\/loja\/"},{"@type":"ListItem","position":3,"name":"Caminho de mesa tear 45x140cm"}]},{"@type":"WebSite","@id":"https:\/\/espacoestela.com\/pt\/#website","url":"https:\/\/espacoestela.com\/pt\/","name":"Espa\u00e7o Estela","description":"Um Espa\u00e7o a Pensar em Si","publisher":{"@id":"https:\/\/espacoestela.com\/pt\/#organization"},"potentialAction":[{"@type":"SearchAction","target":{"@type":"EntryPoint","urlTemplate":"https:\/\/espacoestela.com\/pt\/?s={search_term_string}"},"query-input":{"@type":"PropertyValueSpecification","valueRequired":true,"valueName":"search_term_string"}}],"inLanguage":"pt-PT"},{"@type":"Organization","@id":"https:\/\/espacoestela.com\/pt\/#organization","name":"Espa\u00e7o Estela","url":"https:\/\/espacoestela.com\/pt\/","logo":{"@type":"ImageObject","inLanguage":"pt-PT","@id":"https:\/\/espacoestela.com\/pt\/#\/schema\/logo\/image\/","url":"https:\/\/espacoestela.com\/pt\/wp-content\/uploads\/2024\/12\/logoespacoestela28-02-07.jpg","contentUrl":"https:\/\/espacoestela.com\/pt\/wp-content\/uploads\/2024\/12\/logoespacoestela28-02-07.jpg","width":1468,"height":968,"caption":"Espa\u00e7o Estela"},"image":{"@id":"https:\/\/espacoestela.com\/pt\/#\/schema\/logo\/image\/"}}]}},"jetpack_sharing_enabled":true,"_links":{"self":[{"href":"https:\/\/espacoestela.com\/pt\/wp-json\/wp\/v2\/product\/19381","targetHints":{"allow":["GET"]}}],"collection":[{"href":"https:\/\/espacoestela.com\/pt\/wp-json\/wp\/v2\/product"}],"about":[{"href":"https:\/\/espacoestela.com\/pt\/wp-json\/wp\/v2\/types\/product"}],"replies":[{"embeddable":true,"href":"https:\/\/espacoestela.com\/pt\/wp-json\/wp\/v2\/comments?post=19381"}],"version-history":[{"count":1,"href":"https:\/\/espacoestela.com\/pt\/wp-json\/wp\/v2\/product\/19381\/revisions"}],"predecessor-version":[{"id":19383,"href":"https:\/\/espacoestela.com\/pt\/wp-json\/wp\/v2\/product\/19381\/revisions\/19383"}],"wp:featuredmedia":[{"embeddable":true,"href":"https:\/\/espacoestela.com\/pt\/wp-json\/wp\/v2\/media\/19382"}],"wp:attachment":[{"href":"https:\/\/espacoestela.com\/pt\/wp-json\/wp\/v2\/media?parent=19381"}],"wp:term":[{"taxonomy":"product_brand","embeddable":true,"href":"https:\/\/espacoestela.com\/pt\/wp-json\/wp\/v2\/product_brand?post=19381"},{"taxonomy":"product_cat","embeddable":true,"href":"https:\/\/espacoestela.com\/pt\/wp-json\/wp\/v2\/product_cat?post=19381"},{"taxonomy":"product_tag","embeddable":true,"href":"https:\/\/espacoestela.com\/pt\/wp-json\/wp\/v2\/product_tag?post=19381"}],"curies":[{"name":"wp","href":"https:\/\/api.w.org\/{rel}","templated":true}]}}